{"id":8396,"date":"2018-11-26T10:26:05","date_gmt":"2018-11-26T09:26:05","guid":{"rendered":"https:\/\/www.mire-blanchetiere-avocats.fr\/?page_id=8396"},"modified":"2018-11-28T22:31:12","modified_gmt":"2018-11-28T21:31:12","slug":"cookies-policy","status":"publish","type":"page","link":"https:\/\/www.mire-blanchetiere-avocats.fr\/en\/cookies-policy\/","title":{"rendered":"Cookies policy"},"content":{"rendered":"<p>[vc_row][vc_column][vc_empty_space height=&#8221;50px&#8221;][vc_custom_heading text=&#8221;Cookies policy  &#8221; font_container=&#8221;tag:h2|text_align:center|color:%23cd5b58&#8243; use_theme_fonts=&#8221;yes&#8221;][vc_empty_space height=&#8221;50px&#8221;][\/vc_column][\/vc_row][vc_row][vc_column][vc_column_text]<\/p>\n<h3>Hypertext links and cookies :<\/h3>\n<p>The https:\/\/www.mire-blanchetiere-avocats.fr website contains a number of hypertext links to other sites, set up with the permission of Virginie Mir\u00e9 and J\u00e9r\u00f4me Blancheti\u00e8re.<\/p>\n<p>However, Virginie Mir\u00e9 and J\u00e9r\u00f4me Blancheti\u00e8re are unable to verify all of the contents of the linked sites, and therefore assume no liability.<\/p>\n<p>&nbsp;<\/p>\n<p>Browsing the https:\/\/www.mire-blanchetiere-avocats.fr website is likely to cause the installation of cookie (s) on the computer of the user. A cookie is a small file which cannot be used to identify the user, but which records information pertaining to the computer browsing on a site. The data thus obtained are intended to facilitate subsequent browsing on the site, and are also intended to allow the frequency of visits to the site to be measured.<\/p>\n<p>Refusal to install a cookie may make it impossible for a user to access certain services. However, the user may configure their computer as follows to disable cookie installation:<\/p>\n<p><strong>In Internet Explorer<\/strong>: Click on the tool tab (Image that appears as a cog at top right) \/ internet options. Click Privacy and choose Block all cookies. Confirm by clicking Ok.<\/p>\n<p><strong>In Firefox:<\/strong>\u00a0At the top of the browser window, click the Firefox button, then go to the Options tab. Click on the Privacy tab. Set the protection rules to: use custom settings for history. Uncheck it to disable cookies.<\/p>\n<p><strong>In Safari<\/strong>: Click on the top right of the browser on the menu pictogram (image that appears as a cog). Select Settings. Click Show Advanced Settings. In the \u201cPrivacy\u201d section, click Content Settings. In the \u201cCookies\u201d section, you can block cookies.<\/p>\n<p><strong>In Chrome<\/strong>: Click at the top right of the browser on the menu icon (symbolized by three horizontal lines). Select Settings. Click Show Advanced Settings.<\/p>\n<p>&nbsp;<\/p>\n<h3>Your rights:<\/h3>\n<p>You can access your data or request deletion. You also have a right to object, the right to rectification and the right to limit the processing of your data (see cnil.fr for more information on your rights).<\/p>\n<p>To exercise these rights or for any question about how your data is processed in this log, you may contact Mr. J\u00e9r\u00f4me Blancheti\u00e8re.<\/p>\n<p>&nbsp;<\/p>\n<ul>\n<li>Contact via email:\u00a0<a href=\"mailto:j.blanchetiere@cabinet-mb.fr\">avocats@cabinet-mb.fr<\/a><\/li>\n<li>Contact via letter:<\/li>\n<\/ul>\n<p>Law Office of Virginie Mir\u00e9 and J\u00e9r\u00f4me Blancheti\u00e8re \u2013 6, rue du Mail, 75 002 PARIS<\/p>\n<p>&nbsp;<\/p>\n<p>After contacting us, if you feel that your digital rights and freedoms are not respected or that the geolocation device does not comply with the data protection rules, you can submit a complaint to the CNIL.[\/vc_column_text][\/vc_column][\/vc_row]<\/p>\n","protected":false},"excerpt":{"rendered":"<p>[vc_row][vc_column][vc_empty_space height=&#8221;50px&#8221;][vc_custom_heading text=&#8221;Cookies policy &#8221; font_container=&#8221;tag:h2|text_align:center|color:%23cd5b58&#8243; use_theme_fonts=&#8221;yes&#8221;][vc_empty_space height=&#8221;50px&#8221;][\/vc_column][\/vc_row][vc_row][vc_column][vc_column_text] Hypertext links and cookies : The https:\/\/www.mire-blanchetiere-avocats.fr website contains a number of hypertext links to other sites, set up with the permission of Virginie Mir\u00e9 and J\u00e9r\u00f4me Blancheti\u00e8re. However, Virginie Mir\u00e9 and J\u00e9r\u00f4me Blancheti\u00e8re are unable to verify all of the contents of the linked sites, and&hellip;<\/p>\n","protected":false},"author":7,"featured_media":0,"parent":0,"menu_order":0,"comment_status":"closed","ping_status":"closed","template":"","meta":{"footnotes":""},"class_list":["post-8396","page","type-page","status-publish","hentry","description-off"],"yoast_head":"<!-- This site is optimized with the Yoast SEO plugin v27.1.1 - https:\/\/yoast.com\/product\/yoast-seo-wordpress\/ -->\n<title>Cookies policy - Mir\u00e9 - Blancheti\u00e8re - Avocats<\/title>\n<meta name=\"robots\" content=\"index, follow, max-snippet:-1, max-image-preview:large, max-video-preview:-1\" \/>\n<link rel=\"canonical\" href=\"https:\/\/www.mire-blanchetiere-avocats.fr\/en\/cookies-policy\/\" \/>\n<meta property=\"og:locale\" content=\"en_US\" \/>\n<meta property=\"og:type\" content=\"article\" \/>\n<meta property=\"og:title\" content=\"Cookies policy - Mir\u00e9 - Blancheti\u00e8re - Avocats\" \/>\n<meta property=\"og:description\" content=\"[vc_row][vc_column][vc_empty_space height=&#8221;50px&#8221;][vc_custom_heading text=&#8221;Cookies policy &#8221; font_container=&#8221;tag:h2|text_align:center|color:%23cd5b58&#8243; use_theme_fonts=&#8221;yes&#8221;][vc_empty_space height=&#8221;50px&#8221;][\/vc_column][\/vc_row][vc_row][vc_column][vc_column_text] Hypertext links and cookies : The https:\/\/www.mire-blanchetiere-avocats.fr website contains a number of hypertext links to other sites, set up with the permission of Virginie Mir\u00e9 and J\u00e9r\u00f4me Blancheti\u00e8re. However, Virginie Mir\u00e9 and J\u00e9r\u00f4me Blancheti\u00e8re are unable to verify all of the contents of the linked sites, and&hellip;\" \/>\n<meta property=\"og:url\" content=\"https:\/\/www.mire-blanchetiere-avocats.fr\/en\/cookies-policy\/\" \/>\n<meta property=\"og:site_name\" content=\"Mir\u00e9 - Blancheti\u00e8re - Avocats\" \/>\n<meta property=\"article:modified_time\" content=\"2018-11-28T21:31:12+00:00\" \/>\n<meta name=\"twitter:card\" content=\"summary_large_image\" \/>\n<meta name=\"twitter:site\" content=\"@blanchetiere\" \/>\n<meta name=\"twitter:label1\" content=\"Est. reading time\" \/>\n\t<meta name=\"twitter:data1\" content=\"2 minutes\" \/>\n<script type=\"application\/ld+json\" class=\"yoast-schema-graph\">{\"@context\":\"https:\/\/schema.org\",\"@graph\":[{\"@type\":\"WebPage\",\"@id\":\"https:\/\/www.mire-blanchetiere-avocats.fr\/en\/cookies-policy\/\",\"url\":\"https:\/\/www.mire-blanchetiere-avocats.fr\/en\/cookies-policy\/\",\"name\":\"Cookies policy - Mir\u00e9 - Blancheti\u00e8re - Avocats\",\"isPartOf\":{\"@id\":\"https:\/\/www.mire-blanchetiere-avocats.fr\/#website\"},\"datePublished\":\"2018-11-26T09:26:05+00:00\",\"dateModified\":\"2018-11-28T21:31:12+00:00\",\"breadcrumb\":{\"@id\":\"https:\/\/www.mire-blanchetiere-avocats.fr\/en\/cookies-policy\/#breadcrumb\"},\"inLanguage\":\"en-US\",\"potentialAction\":[{\"@type\":\"ReadAction\",\"target\":[\"https:\/\/www.mire-blanchetiere-avocats.fr\/en\/cookies-policy\/\"]}]},{\"@type\":\"BreadcrumbList\",\"@id\":\"https:\/\/www.mire-blanchetiere-avocats.fr\/en\/cookies-policy\/#breadcrumb\",\"itemListElement\":[{\"@type\":\"ListItem\",\"position\":1,\"name\":\"Home\",\"item\":\"https:\/\/www.mire-blanchetiere-avocats.fr\/en\/\"},{\"@type\":\"ListItem\",\"position\":2,\"name\":\"Cookies policy\"}]},{\"@type\":\"WebSite\",\"@id\":\"https:\/\/www.mire-blanchetiere-avocats.fr\/#website\",\"url\":\"https:\/\/www.mire-blanchetiere-avocats.fr\/\",\"name\":\"Mir\u00e9 - Blancheti\u00e8re - Avocats\",\"description\":\"Droit de la construction et droit des assurances\",\"publisher\":{\"@id\":\"https:\/\/www.mire-blanchetiere-avocats.fr\/#organization\"},\"potentialAction\":[{\"@type\":\"SearchAction\",\"target\":{\"@type\":\"EntryPoint\",\"urlTemplate\":\"https:\/\/www.mire-blanchetiere-avocats.fr\/?s={search_term_string}\"},\"query-input\":{\"@type\":\"PropertyValueSpecification\",\"valueRequired\":true,\"valueName\":\"search_term_string\"}}],\"inLanguage\":\"en-US\"},{\"@type\":\"Organization\",\"@id\":\"https:\/\/www.mire-blanchetiere-avocats.fr\/#organization\",\"name\":\"Mir\u00e9 Blancheti\u00e8re Lawyers\",\"url\":\"https:\/\/www.mire-blanchetiere-avocats.fr\/\",\"logo\":{\"@type\":\"ImageObject\",\"inLanguage\":\"en-US\",\"@id\":\"https:\/\/www.mire-blanchetiere-avocats.fr\/#\/schema\/logo\/image\/\",\"url\":\"\",\"contentUrl\":\"\",\"caption\":\"Mir\u00e9 Blancheti\u00e8re Lawyers\"},\"image\":{\"@id\":\"https:\/\/www.mire-blanchetiere-avocats.fr\/#\/schema\/logo\/image\/\"},\"sameAs\":[\"https:\/\/x.com\/blanchetiere\",\"https:\/\/www.linkedin.com\/company\/mir\u00e9-et-blancheti\u00e8re-avocats\/\"]}]}<\/script>\n<!-- \/ Yoast SEO plugin. -->","yoast_head_json":{"title":"Cookies policy - Mir\u00e9 - Blancheti\u00e8re - Avocats","robots":{"index":"index","follow":"follow","max-snippet":"max-snippet:-1","max-image-preview":"max-image-preview:large","max-video-preview":"max-video-preview:-1"},"canonical":"https:\/\/www.mire-blanchetiere-avocats.fr\/en\/cookies-policy\/","og_locale":"en_US","og_type":"article","og_title":"Cookies policy - Mir\u00e9 - Blancheti\u00e8re - Avocats","og_description":"[vc_row][vc_column][vc_empty_space height=&#8221;50px&#8221;][vc_custom_heading text=&#8221;Cookies policy &#8221; font_container=&#8221;tag:h2|text_align:center|color:%23cd5b58&#8243; use_theme_fonts=&#8221;yes&#8221;][vc_empty_space height=&#8221;50px&#8221;][\/vc_column][\/vc_row][vc_row][vc_column][vc_column_text] Hypertext links and cookies : The https:\/\/www.mire-blanchetiere-avocats.fr website contains a number of hypertext links to other sites, set up with the permission of Virginie Mir\u00e9 and J\u00e9r\u00f4me Blancheti\u00e8re. However, Virginie Mir\u00e9 and J\u00e9r\u00f4me Blancheti\u00e8re are unable to verify all of the contents of the linked sites, and&hellip;","og_url":"https:\/\/www.mire-blanchetiere-avocats.fr\/en\/cookies-policy\/","og_site_name":"Mir\u00e9 - Blancheti\u00e8re - Avocats","article_modified_time":"2018-11-28T21:31:12+00:00","twitter_card":"summary_large_image","twitter_site":"@blanchetiere","twitter_misc":{"Est. reading time":"2 minutes"},"schema":{"@context":"https:\/\/schema.org","@graph":[{"@type":"WebPage","@id":"https:\/\/www.mire-blanchetiere-avocats.fr\/en\/cookies-policy\/","url":"https:\/\/www.mire-blanchetiere-avocats.fr\/en\/cookies-policy\/","name":"Cookies policy - Mir\u00e9 - Blancheti\u00e8re - Avocats","isPartOf":{"@id":"https:\/\/www.mire-blanchetiere-avocats.fr\/#website"},"datePublished":"2018-11-26T09:26:05+00:00","dateModified":"2018-11-28T21:31:12+00:00","breadcrumb":{"@id":"https:\/\/www.mire-blanchetiere-avocats.fr\/en\/cookies-policy\/#breadcrumb"},"inLanguage":"en-US","potentialAction":[{"@type":"ReadAction","target":["https:\/\/www.mire-blanchetiere-avocats.fr\/en\/cookies-policy\/"]}]},{"@type":"BreadcrumbList","@id":"https:\/\/www.mire-blanchetiere-avocats.fr\/en\/cookies-policy\/#breadcrumb","itemListElement":[{"@type":"ListItem","position":1,"name":"Home","item":"https:\/\/www.mire-blanchetiere-avocats.fr\/en\/"},{"@type":"ListItem","position":2,"name":"Cookies policy"}]},{"@type":"WebSite","@id":"https:\/\/www.mire-blanchetiere-avocats.fr\/#website","url":"https:\/\/www.mire-blanchetiere-avocats.fr\/","name":"Mir\u00e9 - Blancheti\u00e8re - Avocats","description":"Droit de la construction et droit des assurances","publisher":{"@id":"https:\/\/www.mire-blanchetiere-avocats.fr\/#organization"},"potentialAction":[{"@type":"SearchAction","target":{"@type":"EntryPoint","urlTemplate":"https:\/\/www.mire-blanchetiere-avocats.fr\/?s={search_term_string}"},"query-input":{"@type":"PropertyValueSpecification","valueRequired":true,"valueName":"search_term_string"}}],"inLanguage":"en-US"},{"@type":"Organization","@id":"https:\/\/www.mire-blanchetiere-avocats.fr\/#organization","name":"Mir\u00e9 Blancheti\u00e8re Lawyers","url":"https:\/\/www.mire-blanchetiere-avocats.fr\/","logo":{"@type":"ImageObject","inLanguage":"en-US","@id":"https:\/\/www.mire-blanchetiere-avocats.fr\/#\/schema\/logo\/image\/","url":"","contentUrl":"","caption":"Mir\u00e9 Blancheti\u00e8re Lawyers"},"image":{"@id":"https:\/\/www.mire-blanchetiere-avocats.fr\/#\/schema\/logo\/image\/"},"sameAs":["https:\/\/x.com\/blanchetiere","https:\/\/www.linkedin.com\/company\/mir\u00e9-et-blancheti\u00e8re-avocats\/"]}]}},"_links":{"self":[{"href":"https:\/\/www.mire-blanchetiere-avocats.fr\/en\/wp-json\/wp\/v2\/pages\/8396","targetHints":{"allow":["GET"]}}],"collection":[{"href":"https:\/\/www.mire-blanchetiere-avocats.fr\/en\/wp-json\/wp\/v2\/pages"}],"about":[{"href":"https:\/\/www.mire-blanchetiere-avocats.fr\/en\/wp-json\/wp\/v2\/types\/page"}],"author":[{"embeddable":true,"href":"https:\/\/www.mire-blanchetiere-avocats.fr\/en\/wp-json\/wp\/v2\/users\/7"}],"replies":[{"embeddable":true,"href":"https:\/\/www.mire-blanchetiere-avocats.fr\/en\/wp-json\/wp\/v2\/comments?post=8396"}],"version-history":[{"count":5,"href":"https:\/\/www.mire-blanchetiere-avocats.fr\/en\/wp-json\/wp\/v2\/pages\/8396\/revisions"}],"predecessor-version":[{"id":8434,"href":"https:\/\/www.mire-blanchetiere-avocats.fr\/en\/wp-json\/wp\/v2\/pages\/8396\/revisions\/8434"}],"wp:attachment":[{"href":"https:\/\/www.mire-blanchetiere-avocats.fr\/en\/wp-json\/wp\/v2\/media?parent=8396"}],"curies":[{"name":"wp","href":"https:\/\/api.w.org\/{rel}","templated":true}]}}