{"id":8387,"date":"2018-11-26T10:08:55","date_gmt":"2018-11-26T09:08:55","guid":{"rendered":"https:\/\/www.mire-blanchetiere-avocats.fr\/?page_id=8387"},"modified":"2018-11-28T22:38:17","modified_gmt":"2018-11-28T21:38:17","slug":"legal-notice","status":"publish","type":"page","link":"https:\/\/www.mire-blanchetiere-avocats.fr\/en\/legal-notice\/","title":{"rendered":"Legal Notice"},"content":{"rendered":"<p>[vc_row][vc_column][vc_column_text]<\/p>\n<div id=\"main\" class=\"sidebar-none sidebar-divider-vertical\">\n<div class=\"wf-wrap\">\n<div class=\"wf-container-main\">\n<div id=\"content\" class=\"content\" role=\"main\">\n<div class=\"vc_row wpb_row vc_row-fluid dt-default\">\n<div class=\"wpb_column vc_column_container vc_col-sm-12\">\n<div class=\"vc_column-inner \">\n<div class=\"wpb_wrapper\">\n<div class=\"wpb_text_column wpb_content_element \">\n<div class=\"wpb_wrapper\">\n<p>This website is published by the company\u00a0<em>Virginie Mir\u00e9 and J\u00e9r\u00f4me Blancheti\u00e8re<\/em>, SELAS with a capital of 10,000 \u20ac, whose registered office is at 6 rue du Mail, 75002 Paris, France.<\/p>\n<p>RCS Paris\u00a0no. 834 336 885<\/p>\n<p>SIRET No.: 834 336 885 00019<\/p>\n<p>Tel: 01 40 26 39 60<\/p>\n<p>Email:\u00a0<a href=\"mailto:avocats@cabinet-mb.fr\">avocats@cabinet-mb.fr<\/a><\/p>\n<p>In accordance with the law, it is specified that the title of lawyer was issued to Virginie Mir\u00e9 and J\u00e9r\u00f4me Blancheti\u00e8re in France, and that they are lawyers of the Paris Bar.<\/p>\n<div>\n<p><strong>\u00a0<\/strong><\/p>\n<h3>Publisher \/ Head of publication<\/h3>\n<p><strong>J\u00e9r\u00f4me Blancheti\u00e8re<\/strong><\/p>\n<p>6, rue du Mail, 75002 Paris.<\/p>\n<p>Tel. : 01 40 26 39 60<\/p>\n<p>Email :\u00a0<a href=\"mailto:avocats@cabinet-mb.fr\">avocats@cabinet-mb.fr<\/a><\/p>\n<\/div>\n<div>\n<div>\n<p><strong>\u00a0<\/strong><\/p>\n<\/div>\n<div>\n<h3><\/h3>\n<\/div>\n<h3>Accommodation<\/h3>\n<p><strong>OVH<\/strong><\/p>\n<p>SAS with capital of 10,000,000 \u20ac<br \/>\nRCS Roubaix \u2013 Tourcoing 424 761 419 00045<br \/>\nCode APE 6202A<br \/>\nVat No.: FR 22 424 761 419<br \/>\nRegistered Office: 2 rue Kellermann \u2013 59100 Roubaix \u2013 France<\/p>\n<p><strong>\u00a0<\/strong><\/p>\n<\/div>\n<h3>Website design and creation<\/h3>\n<p>Site designed and created by:\u00a0<strong>ROSE\u00a0&amp; VERTE<\/strong><\/p>\n<p>59, rue des Batignolles 75017 Paris<br \/>\nRCS de Paris 795 014 034 00016<\/p>\n<p>&nbsp;<\/p>\n<div>\n<h3>Photo credits<\/h3>\n<div>\u00a9shutterstock \u2013 \u00a9fotolia<br \/>\nPage d\u2019acceuil\u00a0: Carrousel: \u00a9 Sema Srinouljan, \u00a9 VTT Studio, \u00a9 lkpro, \u00a9Angelo Giampiccolo\u00a0;\u00a0Blog \u00a9 Anna Jurkovska; \u00ab\u00a0Droit de la construction\u00bb\u00a0: \u00a9 Senyuk Mykola\u00a0; \u00ab\u00a0Droit immobilier\u00a0\u00bb:\u00a9 cherrytana;\u00a0\u201cDroit des assurances\u201d :\u00a9 inter reality; \u201cDroit de la Responsabilit\u00e9\u201d \u00a9 Sema Srinouljan\u00a0; \u201cDocuments\u201d :\u00a9 Photo Kozyr \u00abHonoraires\u00a0\u00bb: \u00a9 Dave 77459; \u201cLexique\u201d \u00a9 fullempty<\/div>\n<p>&nbsp;<\/p>\n<div>\n<h3>Intellectual Property<\/h3>\n<p>The Website and all of the elements that comprise it (including text, articles, images, illustrations, photographs, databases, etc.) are protected by the law of intellectual property.<\/p>\n<p>All rights of reproduction are reserved, including downloadable documents as well as iconographic and photographic representations.<\/p>\n<p>In the absence of express authorization from SELAS Virginie Mir\u00e9 and J\u00e9r\u00f4me Blancheti\u00e8re, it is strictly forbidden to exploit these elements and in particular to reproduce, represent, modify or adapt them in whole or in part.<\/p>\n<p>In particular, any reproduction, even partial, of this site or the logo of SELAS Virginie Mir\u00e9 and J\u00e9r\u00f4me Blancheti\u00e8re is prohibited unless authorized.<\/p>\n<p>As an exception to the above, the blog articles and the texts that appear in the \u201carticles\u201d section of the \u201cdocuments\u201d page may be reproduced, provided that the source, namely Virginie Mir\u00e9 and J\u00e9r\u00f4me Blancheti\u00e8re or www.mire-blanchetiere-avocats.fr, are quoted.<\/p>\n<p><strong>\u00a0<\/strong><\/p>\n<h3>Professional regulation<\/h3>\n<p>Virginie Mir\u00e9 and J\u00e9r\u00f4me Blancheti\u00e8re are lawyers of the Paris Bar and are registered on the board of the Paris Bar Association, 11 place Dauphine 75053 Paris.<\/p>\n<p>Admission to the profession of lawyer and the rules of this profession are regulated by Law No. 71-1130 of\u00a0<u>31 December 1971<\/u>. As lawyers, Virginie Mir\u00e9 and J\u00e9r\u00f4me Blancheti\u00e8re are also subject to\u00a0<u>the National Internal Regulations of the profession of lawyer, which you can consult by clicking here.<\/u><\/p>\n<p>The usurpation of the title of lawyer is punished with one year of imprisonment and 15000 \u20ac by article 433-17 of the Penal Code<\/p>\n<p>&nbsp;<\/p>\n<h3>Mediation<\/h3>\n<p>In accordance with the provisions of\u00a0<u>Article L 616-1 of the Consumer Code<\/u>, you are advised that you have the option, in the event of a dispute with a lawyer, for recourse with the Consumer Ombudsman at the National Bar Council (CNB ), whose contact details are: CNB, Consumer Mediator, 180 boulevard Haussmann \u2013 75008 Paris<\/p>\n<p><strong>\u00a0<\/strong><\/p>\n<\/div>\n<\/div>\n<p>\u00a9 Virginie Mir\u00e9 et J\u00e9r\u00f4me Blancheti\u00e8re, 2017<\/p>\n<\/div>\n<\/div>\n<\/div>\n<\/div>\n<\/div>\n<\/div>\n<\/div>\n<\/div>\n<\/div>\n<\/div>\n<p>[\/vc_column_text][\/vc_column][\/vc_row]<\/p>\n","protected":false},"excerpt":{"rendered":"<p>[vc_row][vc_column][vc_column_text] This website is published by the company\u00a0Virginie Mir\u00e9 and J\u00e9r\u00f4me Blancheti\u00e8re, SELAS with a capital of 10,000 \u20ac, whose registered office is at 6 rue du Mail, 75002 Paris, France. RCS Paris\u00a0no. 834 336 885 SIRET No.: 834 336 885 00019 Tel: 01 40 26 39 60 Email:\u00a0avocats@cabinet-mb.fr In accordance with the law, it&hellip;<\/p>\n","protected":false},"author":7,"featured_media":0,"parent":0,"menu_order":0,"comment_status":"closed","ping_status":"closed","template":"","meta":{"footnotes":""},"class_list":["post-8387","page","type-page","status-publish","hentry","description-off"],"yoast_head":"<!-- This site is optimized with the Yoast SEO plugin v27.1.1 - https:\/\/yoast.com\/product\/yoast-seo-wordpress\/ -->\n<title>Legal Notice - Virginie Mir\u00e9 &amp; J\u00e9r\u00f4me Blancheti\u00e8re - Lawyers<\/title>\n<meta name=\"description\" content=\"All legal information related to this site: Editor, web hosting, webdesign, photo credits, intellectual property,...\" \/>\n<meta name=\"robots\" content=\"index, follow, max-snippet:-1, max-image-preview:large, max-video-preview:-1\" \/>\n<link rel=\"canonical\" href=\"https:\/\/www.mire-blanchetiere-avocats.fr\/en\/legal-notice\/\" \/>\n<meta property=\"og:locale\" content=\"en_US\" \/>\n<meta property=\"og:type\" content=\"article\" \/>\n<meta property=\"og:title\" content=\"Legal Notice - Virginie Mir\u00e9 &amp; J\u00e9r\u00f4me Blancheti\u00e8re - Lawyers\" \/>\n<meta property=\"og:description\" content=\"All legal information related to this site: Editor, web hosting, webdesign, photo credits, intellectual property,...\" \/>\n<meta property=\"og:url\" content=\"https:\/\/www.mire-blanchetiere-avocats.fr\/en\/legal-notice\/\" \/>\n<meta property=\"og:site_name\" content=\"Mir\u00e9 - Blancheti\u00e8re - Avocats\" \/>\n<meta property=\"article:modified_time\" content=\"2018-11-28T21:38:17+00:00\" \/>\n<meta name=\"twitter:card\" content=\"summary_large_image\" \/>\n<meta name=\"twitter:site\" content=\"@blanchetiere\" \/>\n<meta name=\"twitter:label1\" content=\"Est. reading time\" \/>\n\t<meta name=\"twitter:data1\" content=\"3 minutes\" \/>\n<script type=\"application\/ld+json\" class=\"yoast-schema-graph\">{\"@context\":\"https:\/\/schema.org\",\"@graph\":[{\"@type\":\"WebPage\",\"@id\":\"https:\/\/www.mire-blanchetiere-avocats.fr\/en\/legal-notice\/\",\"url\":\"https:\/\/www.mire-blanchetiere-avocats.fr\/en\/legal-notice\/\",\"name\":\"Legal Notice - Virginie Mir\u00e9 & J\u00e9r\u00f4me Blancheti\u00e8re - Lawyers\",\"isPartOf\":{\"@id\":\"https:\/\/www.mire-blanchetiere-avocats.fr\/#website\"},\"datePublished\":\"2018-11-26T09:08:55+00:00\",\"dateModified\":\"2018-11-28T21:38:17+00:00\",\"description\":\"All legal information related to this site: Editor, web hosting, webdesign, photo credits, intellectual property,...\",\"breadcrumb\":{\"@id\":\"https:\/\/www.mire-blanchetiere-avocats.fr\/en\/legal-notice\/#breadcrumb\"},\"inLanguage\":\"en-US\",\"potentialAction\":[{\"@type\":\"ReadAction\",\"target\":[\"https:\/\/www.mire-blanchetiere-avocats.fr\/en\/legal-notice\/\"]}]},{\"@type\":\"BreadcrumbList\",\"@id\":\"https:\/\/www.mire-blanchetiere-avocats.fr\/en\/legal-notice\/#breadcrumb\",\"itemListElement\":[{\"@type\":\"ListItem\",\"position\":1,\"name\":\"Home\",\"item\":\"https:\/\/www.mire-blanchetiere-avocats.fr\/en\/\"},{\"@type\":\"ListItem\",\"position\":2,\"name\":\"Legal Notice\"}]},{\"@type\":\"WebSite\",\"@id\":\"https:\/\/www.mire-blanchetiere-avocats.fr\/#website\",\"url\":\"https:\/\/www.mire-blanchetiere-avocats.fr\/\",\"name\":\"Mir\u00e9 - Blancheti\u00e8re - Avocats\",\"description\":\"Droit de la construction et droit des assurances\",\"publisher\":{\"@id\":\"https:\/\/www.mire-blanchetiere-avocats.fr\/#organization\"},\"potentialAction\":[{\"@type\":\"SearchAction\",\"target\":{\"@type\":\"EntryPoint\",\"urlTemplate\":\"https:\/\/www.mire-blanchetiere-avocats.fr\/?s={search_term_string}\"},\"query-input\":{\"@type\":\"PropertyValueSpecification\",\"valueRequired\":true,\"valueName\":\"search_term_string\"}}],\"inLanguage\":\"en-US\"},{\"@type\":\"Organization\",\"@id\":\"https:\/\/www.mire-blanchetiere-avocats.fr\/#organization\",\"name\":\"Mir\u00e9 Blancheti\u00e8re Lawyers\",\"url\":\"https:\/\/www.mire-blanchetiere-avocats.fr\/\",\"logo\":{\"@type\":\"ImageObject\",\"inLanguage\":\"en-US\",\"@id\":\"https:\/\/www.mire-blanchetiere-avocats.fr\/#\/schema\/logo\/image\/\",\"url\":\"\",\"contentUrl\":\"\",\"caption\":\"Mir\u00e9 Blancheti\u00e8re Lawyers\"},\"image\":{\"@id\":\"https:\/\/www.mire-blanchetiere-avocats.fr\/#\/schema\/logo\/image\/\"},\"sameAs\":[\"https:\/\/x.com\/blanchetiere\",\"https:\/\/www.linkedin.com\/company\/mir\u00e9-et-blancheti\u00e8re-avocats\/\"]}]}<\/script>\n<!-- \/ Yoast SEO plugin. -->","yoast_head_json":{"title":"Legal Notice - Virginie Mir\u00e9 & J\u00e9r\u00f4me Blancheti\u00e8re - Lawyers","description":"All legal information related to this site: Editor, web hosting, webdesign, photo credits, intellectual property,...","robots":{"index":"index","follow":"follow","max-snippet":"max-snippet:-1","max-image-preview":"max-image-preview:large","max-video-preview":"max-video-preview:-1"},"canonical":"https:\/\/www.mire-blanchetiere-avocats.fr\/en\/legal-notice\/","og_locale":"en_US","og_type":"article","og_title":"Legal Notice - Virginie Mir\u00e9 & J\u00e9r\u00f4me Blancheti\u00e8re - Lawyers","og_description":"All legal information related to this site: Editor, web hosting, webdesign, photo credits, intellectual property,...","og_url":"https:\/\/www.mire-blanchetiere-avocats.fr\/en\/legal-notice\/","og_site_name":"Mir\u00e9 - Blancheti\u00e8re - Avocats","article_modified_time":"2018-11-28T21:38:17+00:00","twitter_card":"summary_large_image","twitter_site":"@blanchetiere","twitter_misc":{"Est. reading time":"3 minutes"},"schema":{"@context":"https:\/\/schema.org","@graph":[{"@type":"WebPage","@id":"https:\/\/www.mire-blanchetiere-avocats.fr\/en\/legal-notice\/","url":"https:\/\/www.mire-blanchetiere-avocats.fr\/en\/legal-notice\/","name":"Legal Notice - Virginie Mir\u00e9 & J\u00e9r\u00f4me Blancheti\u00e8re - Lawyers","isPartOf":{"@id":"https:\/\/www.mire-blanchetiere-avocats.fr\/#website"},"datePublished":"2018-11-26T09:08:55+00:00","dateModified":"2018-11-28T21:38:17+00:00","description":"All legal information related to this site: Editor, web hosting, webdesign, photo credits, intellectual property,...","breadcrumb":{"@id":"https:\/\/www.mire-blanchetiere-avocats.fr\/en\/legal-notice\/#breadcrumb"},"inLanguage":"en-US","potentialAction":[{"@type":"ReadAction","target":["https:\/\/www.mire-blanchetiere-avocats.fr\/en\/legal-notice\/"]}]},{"@type":"BreadcrumbList","@id":"https:\/\/www.mire-blanchetiere-avocats.fr\/en\/legal-notice\/#breadcrumb","itemListElement":[{"@type":"ListItem","position":1,"name":"Home","item":"https:\/\/www.mire-blanchetiere-avocats.fr\/en\/"},{"@type":"ListItem","position":2,"name":"Legal Notice"}]},{"@type":"WebSite","@id":"https:\/\/www.mire-blanchetiere-avocats.fr\/#website","url":"https:\/\/www.mire-blanchetiere-avocats.fr\/","name":"Mir\u00e9 - Blancheti\u00e8re - Avocats","description":"Droit de la construction et droit des assurances","publisher":{"@id":"https:\/\/www.mire-blanchetiere-avocats.fr\/#organization"},"potentialAction":[{"@type":"SearchAction","target":{"@type":"EntryPoint","urlTemplate":"https:\/\/www.mire-blanchetiere-avocats.fr\/?s={search_term_string}"},"query-input":{"@type":"PropertyValueSpecification","valueRequired":true,"valueName":"search_term_string"}}],"inLanguage":"en-US"},{"@type":"Organization","@id":"https:\/\/www.mire-blanchetiere-avocats.fr\/#organization","name":"Mir\u00e9 Blancheti\u00e8re Lawyers","url":"https:\/\/www.mire-blanchetiere-avocats.fr\/","logo":{"@type":"ImageObject","inLanguage":"en-US","@id":"https:\/\/www.mire-blanchetiere-avocats.fr\/#\/schema\/logo\/image\/","url":"","contentUrl":"","caption":"Mir\u00e9 Blancheti\u00e8re Lawyers"},"image":{"@id":"https:\/\/www.mire-blanchetiere-avocats.fr\/#\/schema\/logo\/image\/"},"sameAs":["https:\/\/x.com\/blanchetiere","https:\/\/www.linkedin.com\/company\/mir\u00e9-et-blancheti\u00e8re-avocats\/"]}]}},"_links":{"self":[{"href":"https:\/\/www.mire-blanchetiere-avocats.fr\/en\/wp-json\/wp\/v2\/pages\/8387","targetHints":{"allow":["GET"]}}],"collection":[{"href":"https:\/\/www.mire-blanchetiere-avocats.fr\/en\/wp-json\/wp\/v2\/pages"}],"about":[{"href":"https:\/\/www.mire-blanchetiere-avocats.fr\/en\/wp-json\/wp\/v2\/types\/page"}],"author":[{"embeddable":true,"href":"https:\/\/www.mire-blanchetiere-avocats.fr\/en\/wp-json\/wp\/v2\/users\/7"}],"replies":[{"embeddable":true,"href":"https:\/\/www.mire-blanchetiere-avocats.fr\/en\/wp-json\/wp\/v2\/comments?post=8387"}],"version-history":[{"count":8,"href":"https:\/\/www.mire-blanchetiere-avocats.fr\/en\/wp-json\/wp\/v2\/pages\/8387\/revisions"}],"predecessor-version":[{"id":8435,"href":"https:\/\/www.mire-blanchetiere-avocats.fr\/en\/wp-json\/wp\/v2\/pages\/8387\/revisions\/8435"}],"wp:attachment":[{"href":"https:\/\/www.mire-blanchetiere-avocats.fr\/en\/wp-json\/wp\/v2\/media?parent=8387"}],"curies":[{"name":"wp","href":"https:\/\/api.w.org\/{rel}","templated":true}]}}