{"id":8329,"date":"2018-11-12T16:24:20","date_gmt":"2018-11-12T15:24:20","guid":{"rendered":"https:\/\/www.mire-blanchetiere-avocats.fr\/?page_id=8329"},"modified":"2019-06-12T19:11:13","modified_gmt":"2019-06-12T17:11:13","slug":"insurance-law","status":"publish","type":"page","link":"https:\/\/www.mire-blanchetiere-avocats.fr\/en\/insurance-law\/","title":{"rendered":"Insurance law"},"content":{"rendered":"<p>[vc_row][vc_column][vc_column_text]<\/p>\n<h3>We handle all matters relating to the insurance contract, including those relating to :<\/h3>\n<p>[\/vc_column_text][vc_column_text]<ul class=\"standard-arrow list-divider bullet-top\"><li><p>Compulsory insurance, such as car insurance, construction insurance (and in particular, property damage insurance and decennial liability insurance &#8211; Access the &#8220;Insurance in construction law&#8221; article and the &#8220;<a href=\"https:\/\/www.mire-blanchetiere-avocats.fr\/blog\/lassurance-dommages-ouvrage#.UmUh445cyos\">Property damage insurance<\/a>&#8221; article) or liability insurance for certain professions<\/p>\n<\/li><li><p>Questions about liabilities and insurance coverage of these liabilities<\/p>\n<\/li><li><p>Insurance intermediaries, general agents and brokers<\/p>\n<\/li><li><p>The insurance contract subscription, the documents drawn up on this occasion and the declarations made to the insurer<\/p>\n<\/li><li><p>Payment of premiums<\/p>\n<\/li><li><p>Claims, including their attestation and settlemen<\/p>\n<\/li><li><p>The transfer of the insurance contract<\/p>\n<\/li><li><p>The end of the insurance contrac<\/p>\n<\/li><li><p>Litigation against an insured person or an insurer<\/p>\n<\/li><li><p>Issues related to the statute of limitations, it being specified that there is a 2-year statute of limitations in insurance law, subject to specific rules<\/p>\n<\/li><li><p>Damage insurance (liability insurance and property insurance)<\/p>\n<\/li><li><p>Life insurance<\/p>\n<\/li><\/ul><\/p>\n<p><span lang=\"EN-US\">This list is not exhaustive<\/span>.[\/vc_column_text][\/vc_column][\/vc_row]<\/p>\n","protected":false},"excerpt":{"rendered":"<p>[vc_row][vc_column][vc_column_text] We handle all matters relating to the insurance contract, including those relating to : [\/vc_column_text][vc_column_text] This list is not exhaustive.[\/vc_column_text][\/vc_column][\/vc_row]<\/p>\n","protected":false},"author":7,"featured_media":0,"parent":0,"menu_order":0,"comment_status":"closed","ping_status":"closed","template":"","meta":{"footnotes":""},"class_list":["post-8329","page","type-page","status-publish","hentry","description-off"],"yoast_head":"<!-- This site is optimized with the Yoast SEO plugin v27.1.1 - https:\/\/yoast.com\/product\/yoast-seo-wordpress\/ -->\n<title>Insurance law - Virginie Mir\u00e9 &amp; J\u00e9r\u00f4me Blancheti\u00e8re - Laywers<\/title>\n<meta name=\"description\" content=\"We handle all matters relating to the insurance contract, including those relating to :\" \/>\n<meta name=\"robots\" content=\"index, follow, max-snippet:-1, max-image-preview:large, max-video-preview:-1\" \/>\n<link rel=\"canonical\" href=\"https:\/\/www.mire-blanchetiere-avocats.fr\/en\/insurance-law\/\" \/>\n<meta property=\"og:locale\" content=\"en_US\" \/>\n<meta property=\"og:type\" content=\"article\" \/>\n<meta property=\"og:title\" content=\"Insurance law - Virginie Mir\u00e9 &amp; J\u00e9r\u00f4me Blancheti\u00e8re - Laywers\" \/>\n<meta property=\"og:description\" content=\"We handle all matters relating to the insurance contract, including those relating to :\" \/>\n<meta property=\"og:url\" content=\"https:\/\/www.mire-blanchetiere-avocats.fr\/en\/insurance-law\/\" \/>\n<meta property=\"og:site_name\" content=\"Mir\u00e9 - Blancheti\u00e8re - Avocats\" \/>\n<meta property=\"article:modified_time\" content=\"2019-06-12T17:11:13+00:00\" \/>\n<meta name=\"twitter:card\" content=\"summary_large_image\" \/>\n<meta name=\"twitter:site\" content=\"@blanchetiere\" \/>\n<meta name=\"twitter:label1\" content=\"Est. reading time\" \/>\n\t<meta name=\"twitter:data1\" content=\"1 minute\" \/>\n<script type=\"application\/ld+json\" class=\"yoast-schema-graph\">{\"@context\":\"https:\/\/schema.org\",\"@graph\":[{\"@type\":\"WebPage\",\"@id\":\"https:\/\/www.mire-blanchetiere-avocats.fr\/en\/insurance-law\/\",\"url\":\"https:\/\/www.mire-blanchetiere-avocats.fr\/en\/insurance-law\/\",\"name\":\"Insurance law - Virginie Mir\u00e9 & J\u00e9r\u00f4me Blancheti\u00e8re - Laywers\",\"isPartOf\":{\"@id\":\"https:\/\/www.mire-blanchetiere-avocats.fr\/#website\"},\"datePublished\":\"2018-11-12T15:24:20+00:00\",\"dateModified\":\"2019-06-12T17:11:13+00:00\",\"description\":\"We handle all matters relating to the insurance contract, including those relating to :\",\"breadcrumb\":{\"@id\":\"https:\/\/www.mire-blanchetiere-avocats.fr\/en\/insurance-law\/#breadcrumb\"},\"inLanguage\":\"en-US\",\"potentialAction\":[{\"@type\":\"ReadAction\",\"target\":[\"https:\/\/www.mire-blanchetiere-avocats.fr\/en\/insurance-law\/\"]}]},{\"@type\":\"BreadcrumbList\",\"@id\":\"https:\/\/www.mire-blanchetiere-avocats.fr\/en\/insurance-law\/#breadcrumb\",\"itemListElement\":[{\"@type\":\"ListItem\",\"position\":1,\"name\":\"Home\",\"item\":\"https:\/\/www.mire-blanchetiere-avocats.fr\/en\/\"},{\"@type\":\"ListItem\",\"position\":2,\"name\":\"Insurance law\"}]},{\"@type\":\"WebSite\",\"@id\":\"https:\/\/www.mire-blanchetiere-avocats.fr\/#website\",\"url\":\"https:\/\/www.mire-blanchetiere-avocats.fr\/\",\"name\":\"Mir\u00e9 - Blancheti\u00e8re - Avocats\",\"description\":\"Droit de la construction et droit des assurances\",\"publisher\":{\"@id\":\"https:\/\/www.mire-blanchetiere-avocats.fr\/#organization\"},\"potentialAction\":[{\"@type\":\"SearchAction\",\"target\":{\"@type\":\"EntryPoint\",\"urlTemplate\":\"https:\/\/www.mire-blanchetiere-avocats.fr\/?s={search_term_string}\"},\"query-input\":{\"@type\":\"PropertyValueSpecification\",\"valueRequired\":true,\"valueName\":\"search_term_string\"}}],\"inLanguage\":\"en-US\"},{\"@type\":\"Organization\",\"@id\":\"https:\/\/www.mire-blanchetiere-avocats.fr\/#organization\",\"name\":\"Mir\u00e9 Blancheti\u00e8re Lawyers\",\"url\":\"https:\/\/www.mire-blanchetiere-avocats.fr\/\",\"logo\":{\"@type\":\"ImageObject\",\"inLanguage\":\"en-US\",\"@id\":\"https:\/\/www.mire-blanchetiere-avocats.fr\/#\/schema\/logo\/image\/\",\"url\":\"\",\"contentUrl\":\"\",\"caption\":\"Mir\u00e9 Blancheti\u00e8re Lawyers\"},\"image\":{\"@id\":\"https:\/\/www.mire-blanchetiere-avocats.fr\/#\/schema\/logo\/image\/\"},\"sameAs\":[\"https:\/\/x.com\/blanchetiere\",\"https:\/\/www.linkedin.com\/company\/mir\u00e9-et-blancheti\u00e8re-avocats\/\"]}]}<\/script>\n<!-- \/ Yoast SEO plugin. -->","yoast_head_json":{"title":"Insurance law - Virginie Mir\u00e9 & J\u00e9r\u00f4me Blancheti\u00e8re - Laywers","description":"We handle all matters relating to the insurance contract, including those relating to :","robots":{"index":"index","follow":"follow","max-snippet":"max-snippet:-1","max-image-preview":"max-image-preview:large","max-video-preview":"max-video-preview:-1"},"canonical":"https:\/\/www.mire-blanchetiere-avocats.fr\/en\/insurance-law\/","og_locale":"en_US","og_type":"article","og_title":"Insurance law - Virginie Mir\u00e9 & J\u00e9r\u00f4me Blancheti\u00e8re - Laywers","og_description":"We handle all matters relating to the insurance contract, including those relating to :","og_url":"https:\/\/www.mire-blanchetiere-avocats.fr\/en\/insurance-law\/","og_site_name":"Mir\u00e9 - Blancheti\u00e8re - Avocats","article_modified_time":"2019-06-12T17:11:13+00:00","twitter_card":"summary_large_image","twitter_site":"@blanchetiere","twitter_misc":{"Est. reading time":"1 minute"},"schema":{"@context":"https:\/\/schema.org","@graph":[{"@type":"WebPage","@id":"https:\/\/www.mire-blanchetiere-avocats.fr\/en\/insurance-law\/","url":"https:\/\/www.mire-blanchetiere-avocats.fr\/en\/insurance-law\/","name":"Insurance law - Virginie Mir\u00e9 & J\u00e9r\u00f4me Blancheti\u00e8re - Laywers","isPartOf":{"@id":"https:\/\/www.mire-blanchetiere-avocats.fr\/#website"},"datePublished":"2018-11-12T15:24:20+00:00","dateModified":"2019-06-12T17:11:13+00:00","description":"We handle all matters relating to the insurance contract, including those relating to :","breadcrumb":{"@id":"https:\/\/www.mire-blanchetiere-avocats.fr\/en\/insurance-law\/#breadcrumb"},"inLanguage":"en-US","potentialAction":[{"@type":"ReadAction","target":["https:\/\/www.mire-blanchetiere-avocats.fr\/en\/insurance-law\/"]}]},{"@type":"BreadcrumbList","@id":"https:\/\/www.mire-blanchetiere-avocats.fr\/en\/insurance-law\/#breadcrumb","itemListElement":[{"@type":"ListItem","position":1,"name":"Home","item":"https:\/\/www.mire-blanchetiere-avocats.fr\/en\/"},{"@type":"ListItem","position":2,"name":"Insurance law"}]},{"@type":"WebSite","@id":"https:\/\/www.mire-blanchetiere-avocats.fr\/#website","url":"https:\/\/www.mire-blanchetiere-avocats.fr\/","name":"Mir\u00e9 - Blancheti\u00e8re - Avocats","description":"Droit de la construction et droit des assurances","publisher":{"@id":"https:\/\/www.mire-blanchetiere-avocats.fr\/#organization"},"potentialAction":[{"@type":"SearchAction","target":{"@type":"EntryPoint","urlTemplate":"https:\/\/www.mire-blanchetiere-avocats.fr\/?s={search_term_string}"},"query-input":{"@type":"PropertyValueSpecification","valueRequired":true,"valueName":"search_term_string"}}],"inLanguage":"en-US"},{"@type":"Organization","@id":"https:\/\/www.mire-blanchetiere-avocats.fr\/#organization","name":"Mir\u00e9 Blancheti\u00e8re Lawyers","url":"https:\/\/www.mire-blanchetiere-avocats.fr\/","logo":{"@type":"ImageObject","inLanguage":"en-US","@id":"https:\/\/www.mire-blanchetiere-avocats.fr\/#\/schema\/logo\/image\/","url":"","contentUrl":"","caption":"Mir\u00e9 Blancheti\u00e8re Lawyers"},"image":{"@id":"https:\/\/www.mire-blanchetiere-avocats.fr\/#\/schema\/logo\/image\/"},"sameAs":["https:\/\/x.com\/blanchetiere","https:\/\/www.linkedin.com\/company\/mir\u00e9-et-blancheti\u00e8re-avocats\/"]}]}},"_links":{"self":[{"href":"https:\/\/www.mire-blanchetiere-avocats.fr\/en\/wp-json\/wp\/v2\/pages\/8329","targetHints":{"allow":["GET"]}}],"collection":[{"href":"https:\/\/www.mire-blanchetiere-avocats.fr\/en\/wp-json\/wp\/v2\/pages"}],"about":[{"href":"https:\/\/www.mire-blanchetiere-avocats.fr\/en\/wp-json\/wp\/v2\/types\/page"}],"author":[{"embeddable":true,"href":"https:\/\/www.mire-blanchetiere-avocats.fr\/en\/wp-json\/wp\/v2\/users\/7"}],"replies":[{"embeddable":true,"href":"https:\/\/www.mire-blanchetiere-avocats.fr\/en\/wp-json\/wp\/v2\/comments?post=8329"}],"version-history":[{"count":10,"href":"https:\/\/www.mire-blanchetiere-avocats.fr\/en\/wp-json\/wp\/v2\/pages\/8329\/revisions"}],"predecessor-version":[{"id":8550,"href":"https:\/\/www.mire-blanchetiere-avocats.fr\/en\/wp-json\/wp\/v2\/pages\/8329\/revisions\/8550"}],"wp:attachment":[{"href":"https:\/\/www.mire-blanchetiere-avocats.fr\/en\/wp-json\/wp\/v2\/media?parent=8329"}],"curies":[{"name":"wp","href":"https:\/\/api.w.org\/{rel}","templated":true}]}}