{"id":8306,"date":"2018-11-12T15:57:59","date_gmt":"2018-11-12T14:57:59","guid":{"rendered":"https:\/\/www.mire-blanchetiere-avocats.fr\/?page_id=8306"},"modified":"2018-11-28T21:11:33","modified_gmt":"2018-11-28T20:11:33","slug":"contact","status":"publish","type":"page","link":"https:\/\/www.mire-blanchetiere-avocats.fr\/en\/contact\/","title":{"rendered":"Contact"},"content":{"rendered":"<p>[vc_row][vc_column width=&#8221;1\/2&#8243;][vc_column_text]<strong>You can contact us via this form :<\/strong><\/p>\n<div class=\"wpcf7 no-js\" id=\"wpcf7-f8310-o1\" lang=\"fr-FR\" dir=\"ltr\" data-wpcf7-id=\"8310\">\n<div class=\"screen-reader-response\"><p role=\"status\" aria-live=\"polite\" aria-atomic=\"true\"><\/p> <ul><\/ul><\/div>\n<form action=\"\/en\/wp-json\/wp\/v2\/pages\/8306#wpcf7-f8310-o1\" method=\"post\" class=\"wpcf7-form init\" aria-label=\"Formulaire de contact\" novalidate=\"novalidate\" data-status=\"init\">\n<fieldset class=\"hidden-fields-container\"><input type=\"hidden\" name=\"_wpcf7\" value=\"8310\" \/><input type=\"hidden\" name=\"_wpcf7_version\" value=\"6.1.5\" \/><input type=\"hidden\" name=\"_wpcf7_locale\" value=\"fr_FR\" \/><input type=\"hidden\" name=\"_wpcf7_unit_tag\" value=\"wpcf7-f8310-o1\" \/><input type=\"hidden\" name=\"_wpcf7_container_post\" value=\"0\" \/><input type=\"hidden\" name=\"_wpcf7_posted_data_hash\" value=\"\" \/>\n<\/fieldset>\n<p>Your name (mandatory)\n<\/p>\n<p><span class=\"wpcf7-form-control-wrap\" data-name=\"your-name\"><input size=\"40\" maxlength=\"400\" class=\"wpcf7-form-control wpcf7-text wpcf7-validates-as-required\" aria-required=\"true\" aria-invalid=\"false\" value=\"\" type=\"text\" name=\"your-name\" \/><\/span>\n<\/p>\n<p>Your email (mandatory)\n<\/p>\n<p><span class=\"wpcf7-form-control-wrap\" data-name=\"your-email\"><input size=\"40\" maxlength=\"400\" class=\"wpcf7-form-control wpcf7-email wpcf7-validates-as-required wpcf7-text wpcf7-validates-as-email\" aria-required=\"true\" aria-invalid=\"false\" value=\"\" type=\"email\" name=\"your-email\" \/><\/span>\n<\/p>\n<p>Subject\n<\/p>\n<p><span class=\"wpcf7-form-control-wrap\" data-name=\"your-subject\"><input size=\"40\" maxlength=\"400\" class=\"wpcf7-form-control wpcf7-text\" aria-invalid=\"false\" value=\"\" type=\"text\" name=\"your-subject\" \/><\/span>\n<\/p>\n<p>Your message\n<\/p>\n<p><span class=\"wpcf7-form-control-wrap\" data-name=\"your-message\"><textarea cols=\"40\" rows=\"10\" maxlength=\"2000\" class=\"wpcf7-form-control wpcf7-textarea\" aria-invalid=\"false\" name=\"your-message\"><\/textarea><\/span>\n<\/p>\n<p><span class=\"wpcf7-form-control-wrap\" data-name=\"acceptance-91\"><span class=\"wpcf7-form-control wpcf7-acceptance invert\"><span class=\"wpcf7-list-item\"><label><input type=\"checkbox\" name=\"acceptance-91\" value=\"1\" aria-invalid=\"false\" \/><span class=\"wpcf7-list-item-label\">By submitting this application, I accept that the information provided will be used by Cabinet Mir\u00e9 Blancheti\u00e8re for commercial purposes.<\/span><\/label><\/span><\/span><\/span>\n<\/p>\n<p><input class=\"wpcf7-form-control wpcf7-submit has-spinner\" type=\"submit\" value=\"Submit\" \/>\n<\/p><p style=\"display: none !important;\" class=\"akismet-fields-container\" data-prefix=\"_wpcf7_ak_\"><label>&#916;<textarea name=\"_wpcf7_ak_hp_textarea\" cols=\"45\" rows=\"8\" maxlength=\"100\"><\/textarea><\/label><input type=\"hidden\" id=\"ak_js_1\" name=\"_wpcf7_ak_js\" value=\"214\"\/><script>document.getElementById( \"ak_js_1\" ).setAttribute( \"value\", ( new Date() ).getTime() );<\/script><\/p><div class=\"wpcf7-response-output\" aria-hidden=\"true\"><\/div>\n<\/form>\n<\/div>\n[\/vc_column_text][\/vc_column][vc_column width=&#8221;1\/2&#8243;][vc_row_inner][vc_column_inner width=&#8221;3\/4&#8243;][vc_empty_space height=&#8221;28px&#8221;][vc_column_text]<\/p>\n<h4>To participate in a Skype conference call, click the icon.<\/h4>\n<p>[\/vc_column_text][\/vc_column_inner][vc_column_inner width=&#8221;1\/4&#8243;][vc_column_text]<script type=\"text\/javascript\" src=\"https:\/\/secure.skypeassets.com\/i\/scom\/js\/skype-uri.js\"><\/script><\/p>\n<div id=\"SkypeButton_Call_live:7f129791e67afbd4_1\"><script type=\"text\/javascript\">\n Skype.ui({\n \"name\": \"call\",\n \"element\": \"SkypeButton_Call_live:7f129791e67afbd4_1\",\n \"participants\": [\"live:7f129791e67afbd4\"],\n \"imageSize\": 32\n });\n <\/script><\/div>\n<p>[\/vc_column_text][\/vc_column_inner][\/vc_row_inner][vc_column_text]<\/p>\n<h4>Contact information<\/h4>\n<p>The firm is located\u00a0 6 rue du Mail &#8211; 75002 Paris.<\/p>\n<p>Telephone:\u00a0 01 40 26 39 60<\/p>\n<p>Fax\u00a0: 09 70 62 61 96<\/p>\n<p>EMail :\u00a0avocats@cabinet-mb.fr[\/vc_column_text][vc_gmaps link=&#8221;#E-8_JTNDaWZyYW1lJTIwc3JjJTNEJTIyaHR0cHMlM0ElMkYlMkZ3d3cuZ29vZ2xlLmNvbSUyRm1hcHMlMkZlbWJlZCUzRnBiJTNEJTIxMW0xOCUyMTFtMTIlMjExbTMlMjExZDI2MjQuNTcwMDMzNDE3OTI1JTIxMmQyLjMzOTY2NTYxNTY3NDY1NiUyMTNkNDguODY2NDA4ODc5Mjg4MzIlMjEybTMlMjExZjAlMjEyZjAlMjEzZjAlMjEzbTIlMjExaTEwMjQlMjEyaTc2OCUyMTRmMTMuMSUyMTNtMyUyMTFtMiUyMTFzMHg0N2U2NmUzY2QyYWI2YjliJTI1M0EweGEwY2EyZGIzZDdmODFiMmElMjEyczYlMkJSdWUlMkJkdSUyQk1haWwlMjUyQyUyQjc1MDAyJTJCUGFyaXMlMjE1ZTAlMjEzbTIlMjExc2ZyJTIxMnNmciUyMTR2MTUxNDUxMTc0MzM4NCUyMiUyMHdpZHRoJTNEJTIyNjAwJTIyJTIwaGVpZ2h0JTNEJTIyNDUwJTIyJTIwZnJhbWVib3JkZXIlM0QlMjIwJTIyJTIwc3R5bGUlM0QlMjJib3JkZXIlM0EwJTIyJTIwYWxsb3dmdWxsc2NyZWVuJTNFJTNDJTJGaWZyYW1lJTNF&#8221;][\/vc_column][\/vc_row]<\/p>\n","protected":false},"excerpt":{"rendered":"<p>[vc_row][vc_column width=&#8221;1\/2&#8243;][vc_column_text]You can contact us via this form : [\/vc_column_text][\/vc_column][vc_column width=&#8221;1\/2&#8243;][vc_row_inner][vc_column_inner width=&#8221;3\/4&#8243;][vc_empty_space height=&#8221;28px&#8221;][vc_column_text] To participate in a Skype conference call, click the icon. [\/vc_column_text][\/vc_column_inner][vc_column_inner width=&#8221;1\/4&#8243;][vc_column_text] [\/vc_column_text][\/vc_column_inner][\/vc_row_inner][vc_column_text] Contact information The firm is located\u00a0 6 rue du Mail &#8211; 75002 Paris. Telephone:\u00a0 01 40 26 39 60 Fax\u00a0: 09 70 62 61 96 EMail :\u00a0avocats@cabinet-mb.fr[\/vc_column_text][vc_gmaps link=&#8221;#E-8_JTNDaWZyYW1lJTIwc3JjJTNEJTIyaHR0cHMlM0ElMkYlMkZ3d3cuZ29vZ2xlLmNvbSUyRm1hcHMlMkZlbWJlZCUzRnBiJTNEJTIxMW0xOCUyMTFtMTIlMjExbTMlMjExZDI2MjQuNTcwMDMzNDE3OTI1JTIxMmQyLjMzOTY2NTYxNTY3NDY1NiUyMTNkNDguODY2NDA4ODc5Mjg4MzIlMjEybTMlMjExZjAlMjEyZjAlMjEzZjAlMjEzbTIlMjExaTEwMjQlMjEyaTc2OCUyMTRmMTMuMSUyMTNtMyUyMTFtMiUyMTFzMHg0N2U2NmUzY2QyYWI2YjliJTI1M0EweGEwY2EyZGIzZDdmODFiMmElMjEyczYlMkJSdWUlMkJkdSUyQk1haWwlMjUyQyUyQjc1MDAyJTJCUGFyaXMlMjE1ZTAlMjEzbTIlMjExc2ZyJTIxMnNmciUyMTR2MTUxNDUxMTc0MzM4NCUyMiUyMHdpZHRoJTNEJTIyNjAwJTIyJTIwaGVpZ2h0JTNEJTIyNDUwJTIyJTIwZnJhbWVib3JkZXIlM0QlMjIwJTIyJTIwc3R5bGUlM0QlMjJib3JkZXIlM0EwJTIyJTIwYWxsb3dmdWxsc2NyZWVuJTNFJTNDJTJGaWZyYW1lJTNF&#8221;][\/vc_column][\/vc_row]<\/p>\n","protected":false},"author":7,"featured_media":0,"parent":0,"menu_order":0,"comment_status":"closed","ping_status":"open","template":"","meta":{"footnotes":""},"class_list":["post-8306","page","type-page","status-publish","hentry","description-off"],"yoast_head":"<!-- This site is optimized with the Yoast SEO plugin v27.1.1 - https:\/\/yoast.com\/product\/yoast-seo-wordpress\/ -->\n<title>Contact - Mir\u00e9 &amp; Blancheti\u00e8re, lawyers - Construction &amp; insurance.<\/title>\n<meta name=\"description\" content=\"Mir\u00e9 Blancheti\u00e8re law firm is located in Paris. Our practice focus on construction law, real estate law, insurance law, and civil liability law .\" \/>\n<meta name=\"robots\" content=\"index, follow, max-snippet:-1, max-image-preview:large, max-video-preview:-1\" \/>\n<link rel=\"canonical\" href=\"https:\/\/www.mire-blanchetiere-avocats.fr\/en\/contact\/\" \/>\n<meta property=\"og:locale\" content=\"en_US\" \/>\n<meta property=\"og:type\" content=\"article\" \/>\n<meta property=\"og:title\" content=\"Contact - Mir\u00e9 &amp; Blancheti\u00e8re, lawyers - Construction &amp; insurance.\" \/>\n<meta property=\"og:description\" content=\"Mir\u00e9 Blancheti\u00e8re law firm is located in Paris. Our practice focus on construction law, real estate law, insurance law, and civil liability law .\" \/>\n<meta property=\"og:url\" content=\"https:\/\/www.mire-blanchetiere-avocats.fr\/en\/contact\/\" \/>\n<meta property=\"og:site_name\" content=\"Mir\u00e9 - Blancheti\u00e8re - Avocats\" \/>\n<meta property=\"article:modified_time\" content=\"2018-11-28T20:11:33+00:00\" \/>\n<meta name=\"twitter:card\" content=\"summary_large_image\" \/>\n<meta name=\"twitter:site\" content=\"@blanchetiere\" \/>\n<meta name=\"twitter:label1\" content=\"Est. reading time\" \/>\n\t<meta name=\"twitter:data1\" content=\"1 minute\" \/>\n<script type=\"application\/ld+json\" class=\"yoast-schema-graph\">{\"@context\":\"https:\/\/schema.org\",\"@graph\":[{\"@type\":\"WebPage\",\"@id\":\"https:\/\/www.mire-blanchetiere-avocats.fr\/en\/contact\/\",\"url\":\"https:\/\/www.mire-blanchetiere-avocats.fr\/en\/contact\/\",\"name\":\"Contact - Mir\u00e9 & Blancheti\u00e8re, lawyers - Construction & insurance.\",\"isPartOf\":{\"@id\":\"https:\/\/www.mire-blanchetiere-avocats.fr\/#website\"},\"datePublished\":\"2018-11-12T14:57:59+00:00\",\"dateModified\":\"2018-11-28T20:11:33+00:00\",\"description\":\"Mir\u00e9 Blancheti\u00e8re law firm is located in Paris. Our practice focus on construction law, real estate law, insurance law, and civil liability law .\",\"breadcrumb\":{\"@id\":\"https:\/\/www.mire-blanchetiere-avocats.fr\/en\/contact\/#breadcrumb\"},\"inLanguage\":\"en-US\",\"potentialAction\":[{\"@type\":\"ReadAction\",\"target\":[\"https:\/\/www.mire-blanchetiere-avocats.fr\/en\/contact\/\"]}]},{\"@type\":\"BreadcrumbList\",\"@id\":\"https:\/\/www.mire-blanchetiere-avocats.fr\/en\/contact\/#breadcrumb\",\"itemListElement\":[{\"@type\":\"ListItem\",\"position\":1,\"name\":\"Home\",\"item\":\"https:\/\/www.mire-blanchetiere-avocats.fr\/en\/\"},{\"@type\":\"ListItem\",\"position\":2,\"name\":\"Contact\"}]},{\"@type\":\"WebSite\",\"@id\":\"https:\/\/www.mire-blanchetiere-avocats.fr\/#website\",\"url\":\"https:\/\/www.mire-blanchetiere-avocats.fr\/\",\"name\":\"Mir\u00e9 - Blancheti\u00e8re - Avocats\",\"description\":\"Droit de la construction et droit des assurances\",\"publisher\":{\"@id\":\"https:\/\/www.mire-blanchetiere-avocats.fr\/#organization\"},\"potentialAction\":[{\"@type\":\"SearchAction\",\"target\":{\"@type\":\"EntryPoint\",\"urlTemplate\":\"https:\/\/www.mire-blanchetiere-avocats.fr\/?s={search_term_string}\"},\"query-input\":{\"@type\":\"PropertyValueSpecification\",\"valueRequired\":true,\"valueName\":\"search_term_string\"}}],\"inLanguage\":\"en-US\"},{\"@type\":\"Organization\",\"@id\":\"https:\/\/www.mire-blanchetiere-avocats.fr\/#organization\",\"name\":\"Mir\u00e9 Blancheti\u00e8re Lawyers\",\"url\":\"https:\/\/www.mire-blanchetiere-avocats.fr\/\",\"logo\":{\"@type\":\"ImageObject\",\"inLanguage\":\"en-US\",\"@id\":\"https:\/\/www.mire-blanchetiere-avocats.fr\/#\/schema\/logo\/image\/\",\"url\":\"\",\"contentUrl\":\"\",\"caption\":\"Mir\u00e9 Blancheti\u00e8re Lawyers\"},\"image\":{\"@id\":\"https:\/\/www.mire-blanchetiere-avocats.fr\/#\/schema\/logo\/image\/\"},\"sameAs\":[\"https:\/\/x.com\/blanchetiere\",\"https:\/\/www.linkedin.com\/company\/mir\u00e9-et-blancheti\u00e8re-avocats\/\"]}]}<\/script>\n<!-- \/ Yoast SEO plugin. -->","yoast_head_json":{"title":"Contact - Mir\u00e9 & Blancheti\u00e8re, lawyers - Construction & insurance.","description":"Mir\u00e9 Blancheti\u00e8re law firm is located in Paris. Our practice focus on construction law, real estate law, insurance law, and civil liability law .","robots":{"index":"index","follow":"follow","max-snippet":"max-snippet:-1","max-image-preview":"max-image-preview:large","max-video-preview":"max-video-preview:-1"},"canonical":"https:\/\/www.mire-blanchetiere-avocats.fr\/en\/contact\/","og_locale":"en_US","og_type":"article","og_title":"Contact - Mir\u00e9 & Blancheti\u00e8re, lawyers - Construction & insurance.","og_description":"Mir\u00e9 Blancheti\u00e8re law firm is located in Paris. Our practice focus on construction law, real estate law, insurance law, and civil liability law .","og_url":"https:\/\/www.mire-blanchetiere-avocats.fr\/en\/contact\/","og_site_name":"Mir\u00e9 - Blancheti\u00e8re - Avocats","article_modified_time":"2018-11-28T20:11:33+00:00","twitter_card":"summary_large_image","twitter_site":"@blanchetiere","twitter_misc":{"Est. reading time":"1 minute"},"schema":{"@context":"https:\/\/schema.org","@graph":[{"@type":"WebPage","@id":"https:\/\/www.mire-blanchetiere-avocats.fr\/en\/contact\/","url":"https:\/\/www.mire-blanchetiere-avocats.fr\/en\/contact\/","name":"Contact - Mir\u00e9 & Blancheti\u00e8re, lawyers - Construction & insurance.","isPartOf":{"@id":"https:\/\/www.mire-blanchetiere-avocats.fr\/#website"},"datePublished":"2018-11-12T14:57:59+00:00","dateModified":"2018-11-28T20:11:33+00:00","description":"Mir\u00e9 Blancheti\u00e8re law firm is located in Paris. Our practice focus on construction law, real estate law, insurance law, and civil liability law .","breadcrumb":{"@id":"https:\/\/www.mire-blanchetiere-avocats.fr\/en\/contact\/#breadcrumb"},"inLanguage":"en-US","potentialAction":[{"@type":"ReadAction","target":["https:\/\/www.mire-blanchetiere-avocats.fr\/en\/contact\/"]}]},{"@type":"BreadcrumbList","@id":"https:\/\/www.mire-blanchetiere-avocats.fr\/en\/contact\/#breadcrumb","itemListElement":[{"@type":"ListItem","position":1,"name":"Home","item":"https:\/\/www.mire-blanchetiere-avocats.fr\/en\/"},{"@type":"ListItem","position":2,"name":"Contact"}]},{"@type":"WebSite","@id":"https:\/\/www.mire-blanchetiere-avocats.fr\/#website","url":"https:\/\/www.mire-blanchetiere-avocats.fr\/","name":"Mir\u00e9 - Blancheti\u00e8re - Avocats","description":"Droit de la construction et droit des assurances","publisher":{"@id":"https:\/\/www.mire-blanchetiere-avocats.fr\/#organization"},"potentialAction":[{"@type":"SearchAction","target":{"@type":"EntryPoint","urlTemplate":"https:\/\/www.mire-blanchetiere-avocats.fr\/?s={search_term_string}"},"query-input":{"@type":"PropertyValueSpecification","valueRequired":true,"valueName":"search_term_string"}}],"inLanguage":"en-US"},{"@type":"Organization","@id":"https:\/\/www.mire-blanchetiere-avocats.fr\/#organization","name":"Mir\u00e9 Blancheti\u00e8re Lawyers","url":"https:\/\/www.mire-blanchetiere-avocats.fr\/","logo":{"@type":"ImageObject","inLanguage":"en-US","@id":"https:\/\/www.mire-blanchetiere-avocats.fr\/#\/schema\/logo\/image\/","url":"","contentUrl":"","caption":"Mir\u00e9 Blancheti\u00e8re Lawyers"},"image":{"@id":"https:\/\/www.mire-blanchetiere-avocats.fr\/#\/schema\/logo\/image\/"},"sameAs":["https:\/\/x.com\/blanchetiere","https:\/\/www.linkedin.com\/company\/mir\u00e9-et-blancheti\u00e8re-avocats\/"]}]}},"_links":{"self":[{"href":"https:\/\/www.mire-blanchetiere-avocats.fr\/en\/wp-json\/wp\/v2\/pages\/8306","targetHints":{"allow":["GET"]}}],"collection":[{"href":"https:\/\/www.mire-blanchetiere-avocats.fr\/en\/wp-json\/wp\/v2\/pages"}],"about":[{"href":"https:\/\/www.mire-blanchetiere-avocats.fr\/en\/wp-json\/wp\/v2\/types\/page"}],"author":[{"embeddable":true,"href":"https:\/\/www.mire-blanchetiere-avocats.fr\/en\/wp-json\/wp\/v2\/users\/7"}],"replies":[{"embeddable":true,"href":"https:\/\/www.mire-blanchetiere-avocats.fr\/en\/wp-json\/wp\/v2\/comments?post=8306"}],"version-history":[{"count":6,"href":"https:\/\/www.mire-blanchetiere-avocats.fr\/en\/wp-json\/wp\/v2\/pages\/8306\/revisions"}],"predecessor-version":[{"id":8421,"href":"https:\/\/www.mire-blanchetiere-avocats.fr\/en\/wp-json\/wp\/v2\/pages\/8306\/revisions\/8421"}],"wp:attachment":[{"href":"https:\/\/www.mire-blanchetiere-avocats.fr\/en\/wp-json\/wp\/v2\/media?parent=8306"}],"curies":[{"name":"wp","href":"https:\/\/api.w.org\/{rel}","templated":true}]}}