{"id":8292,"date":"2018-11-12T14:34:32","date_gmt":"2018-11-12T13:34:32","guid":{"rendered":"https:\/\/www.mire-blanchetiere-avocats.fr\/?page_id=8292"},"modified":"2018-11-28T20:15:36","modified_gmt":"2018-11-28T19:15:36","slug":"construction-law","status":"publish","type":"page","link":"https:\/\/www.mire-blanchetiere-avocats.fr\/en\/construction-law\/","title":{"rendered":"Construction Law"},"content":{"rendered":"<p>[vc_row][vc_column][vc_column_text]<\/p>\n<h3>Construction law concerns the various issues arising from contracts relating to construction operations, including their conclusion, execution and interpretation.<\/h3>\n<p>[\/vc_column_text][vc_column_text]These contracts include single-family home construction contracts, sales contracts in connection with a pre-sale prior to completion of construction, real estate development contracts, or subcontracting contracts relating to construction operations.<\/p>\n<p>At the stage of contract execution, there may be questions of compliance with the many existing regulations in the field of construction.<\/p>\n<p>Builder liability, in case of disturbances affecting the work, may also be subject to special rules \u2013 of which we have a thorough understanding.<\/p>\n<p><strong>In this field, judicial proceedings also have certain peculiarities.<\/strong><\/p>\n<p>In particular, they almost always require legal expertise.<\/p>\n<p><strong>This field also requires perfect mastery of insurance law.<\/strong><\/p>\n<p>Alongside questions of builder liability, there are also insurance concerns.[\/vc_column_text][\/vc_column][\/vc_row]<\/p>\n","protected":false},"excerpt":{"rendered":"<p>[vc_row][vc_column][vc_column_text] Construction law concerns the various issues arising from contracts relating to construction operations, including their conclusion, execution and interpretation. [\/vc_column_text][vc_column_text]These contracts include single-family home construction contracts, sales contracts in connection with a pre-sale prior to completion of construction, real estate development contracts, or subcontracting contracts relating to construction operations. At the stage of contract&hellip;<\/p>\n","protected":false},"author":7,"featured_media":0,"parent":0,"menu_order":0,"comment_status":"closed","ping_status":"closed","template":"","meta":{"footnotes":""},"class_list":["post-8292","page","type-page","status-publish","hentry","description-off"],"yoast_head":"<!-- This site is optimized with the Yoast SEO plugin v27.1.1 - https:\/\/yoast.com\/product\/yoast-seo-wordpress\/ -->\n<title>Construction Law - Virginie Mir\u00e9 &amp; J\u00e9r\u00f4me Blancheti\u00e8re - Laywers<\/title>\n<meta name=\"description\" content=\"Construction law concerns the various issues arising from contracts relating to construction.\" \/>\n<meta name=\"robots\" content=\"index, follow, max-snippet:-1, max-image-preview:large, max-video-preview:-1\" \/>\n<link rel=\"canonical\" href=\"https:\/\/www.mire-blanchetiere-avocats.fr\/en\/construction-law\/\" \/>\n<meta property=\"og:locale\" content=\"en_US\" \/>\n<meta property=\"og:type\" content=\"article\" \/>\n<meta property=\"og:title\" content=\"Construction Law - Virginie Mir\u00e9 &amp; J\u00e9r\u00f4me Blancheti\u00e8re - Laywers\" \/>\n<meta property=\"og:description\" content=\"Construction law concerns the various issues arising from contracts relating to construction.\" \/>\n<meta property=\"og:url\" content=\"https:\/\/www.mire-blanchetiere-avocats.fr\/en\/construction-law\/\" \/>\n<meta property=\"og:site_name\" content=\"Mir\u00e9 - Blancheti\u00e8re - Avocats\" \/>\n<meta property=\"article:modified_time\" content=\"2018-11-28T19:15:36+00:00\" \/>\n<meta name=\"twitter:card\" content=\"summary_large_image\" \/>\n<meta name=\"twitter:site\" content=\"@blanchetiere\" \/>\n<meta name=\"twitter:label1\" content=\"Est. reading time\" \/>\n\t<meta name=\"twitter:data1\" content=\"1 minute\" \/>\n<script type=\"application\/ld+json\" class=\"yoast-schema-graph\">{\"@context\":\"https:\/\/schema.org\",\"@graph\":[{\"@type\":\"WebPage\",\"@id\":\"https:\/\/www.mire-blanchetiere-avocats.fr\/en\/construction-law\/\",\"url\":\"https:\/\/www.mire-blanchetiere-avocats.fr\/en\/construction-law\/\",\"name\":\"Construction Law - Virginie Mir\u00e9 & J\u00e9r\u00f4me Blancheti\u00e8re - Laywers\",\"isPartOf\":{\"@id\":\"https:\/\/www.mire-blanchetiere-avocats.fr\/#website\"},\"datePublished\":\"2018-11-12T13:34:32+00:00\",\"dateModified\":\"2018-11-28T19:15:36+00:00\",\"description\":\"Construction law concerns the various issues arising from contracts relating to construction.\",\"breadcrumb\":{\"@id\":\"https:\/\/www.mire-blanchetiere-avocats.fr\/en\/construction-law\/#breadcrumb\"},\"inLanguage\":\"en-US\",\"potentialAction\":[{\"@type\":\"ReadAction\",\"target\":[\"https:\/\/www.mire-blanchetiere-avocats.fr\/en\/construction-law\/\"]}]},{\"@type\":\"BreadcrumbList\",\"@id\":\"https:\/\/www.mire-blanchetiere-avocats.fr\/en\/construction-law\/#breadcrumb\",\"itemListElement\":[{\"@type\":\"ListItem\",\"position\":1,\"name\":\"Home\",\"item\":\"https:\/\/www.mire-blanchetiere-avocats.fr\/en\/\"},{\"@type\":\"ListItem\",\"position\":2,\"name\":\"Construction Law\"}]},{\"@type\":\"WebSite\",\"@id\":\"https:\/\/www.mire-blanchetiere-avocats.fr\/#website\",\"url\":\"https:\/\/www.mire-blanchetiere-avocats.fr\/\",\"name\":\"Mir\u00e9 - Blancheti\u00e8re - Avocats\",\"description\":\"Droit de la construction et droit des assurances\",\"publisher\":{\"@id\":\"https:\/\/www.mire-blanchetiere-avocats.fr\/#organization\"},\"potentialAction\":[{\"@type\":\"SearchAction\",\"target\":{\"@type\":\"EntryPoint\",\"urlTemplate\":\"https:\/\/www.mire-blanchetiere-avocats.fr\/?s={search_term_string}\"},\"query-input\":{\"@type\":\"PropertyValueSpecification\",\"valueRequired\":true,\"valueName\":\"search_term_string\"}}],\"inLanguage\":\"en-US\"},{\"@type\":\"Organization\",\"@id\":\"https:\/\/www.mire-blanchetiere-avocats.fr\/#organization\",\"name\":\"Mir\u00e9 Blancheti\u00e8re Lawyers\",\"url\":\"https:\/\/www.mire-blanchetiere-avocats.fr\/\",\"logo\":{\"@type\":\"ImageObject\",\"inLanguage\":\"en-US\",\"@id\":\"https:\/\/www.mire-blanchetiere-avocats.fr\/#\/schema\/logo\/image\/\",\"url\":\"\",\"contentUrl\":\"\",\"caption\":\"Mir\u00e9 Blancheti\u00e8re Lawyers\"},\"image\":{\"@id\":\"https:\/\/www.mire-blanchetiere-avocats.fr\/#\/schema\/logo\/image\/\"},\"sameAs\":[\"https:\/\/x.com\/blanchetiere\",\"https:\/\/www.linkedin.com\/company\/mir\u00e9-et-blancheti\u00e8re-avocats\/\"]}]}<\/script>\n<!-- \/ Yoast SEO plugin. -->","yoast_head_json":{"title":"Construction Law - Virginie Mir\u00e9 & J\u00e9r\u00f4me Blancheti\u00e8re - Laywers","description":"Construction law concerns the various issues arising from contracts relating to construction.","robots":{"index":"index","follow":"follow","max-snippet":"max-snippet:-1","max-image-preview":"max-image-preview:large","max-video-preview":"max-video-preview:-1"},"canonical":"https:\/\/www.mire-blanchetiere-avocats.fr\/en\/construction-law\/","og_locale":"en_US","og_type":"article","og_title":"Construction Law - Virginie Mir\u00e9 & J\u00e9r\u00f4me Blancheti\u00e8re - Laywers","og_description":"Construction law concerns the various issues arising from contracts relating to construction.","og_url":"https:\/\/www.mire-blanchetiere-avocats.fr\/en\/construction-law\/","og_site_name":"Mir\u00e9 - Blancheti\u00e8re - Avocats","article_modified_time":"2018-11-28T19:15:36+00:00","twitter_card":"summary_large_image","twitter_site":"@blanchetiere","twitter_misc":{"Est. reading time":"1 minute"},"schema":{"@context":"https:\/\/schema.org","@graph":[{"@type":"WebPage","@id":"https:\/\/www.mire-blanchetiere-avocats.fr\/en\/construction-law\/","url":"https:\/\/www.mire-blanchetiere-avocats.fr\/en\/construction-law\/","name":"Construction Law - Virginie Mir\u00e9 & J\u00e9r\u00f4me Blancheti\u00e8re - Laywers","isPartOf":{"@id":"https:\/\/www.mire-blanchetiere-avocats.fr\/#website"},"datePublished":"2018-11-12T13:34:32+00:00","dateModified":"2018-11-28T19:15:36+00:00","description":"Construction law concerns the various issues arising from contracts relating to construction.","breadcrumb":{"@id":"https:\/\/www.mire-blanchetiere-avocats.fr\/en\/construction-law\/#breadcrumb"},"inLanguage":"en-US","potentialAction":[{"@type":"ReadAction","target":["https:\/\/www.mire-blanchetiere-avocats.fr\/en\/construction-law\/"]}]},{"@type":"BreadcrumbList","@id":"https:\/\/www.mire-blanchetiere-avocats.fr\/en\/construction-law\/#breadcrumb","itemListElement":[{"@type":"ListItem","position":1,"name":"Home","item":"https:\/\/www.mire-blanchetiere-avocats.fr\/en\/"},{"@type":"ListItem","position":2,"name":"Construction Law"}]},{"@type":"WebSite","@id":"https:\/\/www.mire-blanchetiere-avocats.fr\/#website","url":"https:\/\/www.mire-blanchetiere-avocats.fr\/","name":"Mir\u00e9 - Blancheti\u00e8re - Avocats","description":"Droit de la construction et droit des assurances","publisher":{"@id":"https:\/\/www.mire-blanchetiere-avocats.fr\/#organization"},"potentialAction":[{"@type":"SearchAction","target":{"@type":"EntryPoint","urlTemplate":"https:\/\/www.mire-blanchetiere-avocats.fr\/?s={search_term_string}"},"query-input":{"@type":"PropertyValueSpecification","valueRequired":true,"valueName":"search_term_string"}}],"inLanguage":"en-US"},{"@type":"Organization","@id":"https:\/\/www.mire-blanchetiere-avocats.fr\/#organization","name":"Mir\u00e9 Blancheti\u00e8re Lawyers","url":"https:\/\/www.mire-blanchetiere-avocats.fr\/","logo":{"@type":"ImageObject","inLanguage":"en-US","@id":"https:\/\/www.mire-blanchetiere-avocats.fr\/#\/schema\/logo\/image\/","url":"","contentUrl":"","caption":"Mir\u00e9 Blancheti\u00e8re Lawyers"},"image":{"@id":"https:\/\/www.mire-blanchetiere-avocats.fr\/#\/schema\/logo\/image\/"},"sameAs":["https:\/\/x.com\/blanchetiere","https:\/\/www.linkedin.com\/company\/mir\u00e9-et-blancheti\u00e8re-avocats\/"]}]}},"_links":{"self":[{"href":"https:\/\/www.mire-blanchetiere-avocats.fr\/en\/wp-json\/wp\/v2\/pages\/8292","targetHints":{"allow":["GET"]}}],"collection":[{"href":"https:\/\/www.mire-blanchetiere-avocats.fr\/en\/wp-json\/wp\/v2\/pages"}],"about":[{"href":"https:\/\/www.mire-blanchetiere-avocats.fr\/en\/wp-json\/wp\/v2\/types\/page"}],"author":[{"embeddable":true,"href":"https:\/\/www.mire-blanchetiere-avocats.fr\/en\/wp-json\/wp\/v2\/users\/7"}],"replies":[{"embeddable":true,"href":"https:\/\/www.mire-blanchetiere-avocats.fr\/en\/wp-json\/wp\/v2\/comments?post=8292"}],"version-history":[{"count":4,"href":"https:\/\/www.mire-blanchetiere-avocats.fr\/en\/wp-json\/wp\/v2\/pages\/8292\/revisions"}],"predecessor-version":[{"id":8411,"href":"https:\/\/www.mire-blanchetiere-avocats.fr\/en\/wp-json\/wp\/v2\/pages\/8292\/revisions\/8411"}],"wp:attachment":[{"href":"https:\/\/www.mire-blanchetiere-avocats.fr\/en\/wp-json\/wp\/v2\/media?parent=8292"}],"curies":[{"name":"wp","href":"https:\/\/api.w.org\/{rel}","templated":true}]}}