{"id":7393,"date":"2017-12-29T12:27:19","date_gmt":"2017-12-29T11:27:19","guid":{"rendered":"https:\/\/www.mire-blanchetiere-avocats.fr\/?page_id=7393"},"modified":"2019-06-13T16:49:32","modified_gmt":"2019-06-13T14:49:32","slug":"avocat-blanchetiere-accueil","status":"publish","type":"page","link":"https:\/\/www.mire-blanchetiere-avocats.fr\/en\/","title":{"rendered":"Mir\u00e9 &#038; Blancheti\u00e8re Law firm &#8211; Home"},"content":{"rendered":"<p>[vc_row][vc_column][\/vc_column][\/vc_row][vc_row][vc_column]<div id=\"ultimate-heading-354769f4898856bd4\" class=\"uvc-heading ult-adjust-bottom-margin ultimate-heading-354769f4898856bd4 uvc-5236 \" data-hspacer=\"line_only\"  data-halign=\"left\" style=\"text-align:left\"><div class=\"uvc-main-heading ult-responsive\"  data-ultimate-target='.uvc-heading.ultimate-heading-354769f4898856bd4 h2'  data-responsive-json-new='{\"font-size\":\"desktop:24px;\",\"line-height\":\"\"}' ><h2 style=\"--font-weight:theme;color:#5c4b3f;\">Services<\/h2><\/div><div class=\"uvc-heading-spacer line_only\" style=\"topheight:1px;\"><span class=\"uvc-headings-line\" style=\"border-style:solid;border-bottom-width:1px;border-color:#e95b49;width:autopx;\"><\/span><\/div><\/div><div class=\"ult-spacer spacer-69f4898856c5e\" data-id=\"69f4898856c5e\" data-height=\"20\" data-height-mobile=\"20\" data-height-tab=\"20\" data-height-tab-portrait=\"\" data-height-mobile-landscape=\"\" style=\"clear:both;display:block;\"><\/div><div class=\"ult-spacer spacer-69f4898856c8e\" data-id=\"69f4898856c8e\" data-height=\"20\" data-height-mobile=\"20\" data-height-tab=\"20\" data-height-tab-portrait=\"\" data-height-mobile-landscape=\"\" style=\"clear:both;display:block;\"><\/div>[vc_row_inner][vc_column_inner width=&#8221;1\/4&#8243;][vc_column_text css=&#8221;.vc_custom_1514734406286{border-top-width: 1px !important;border-right-width: 1px !important;border-bottom-width: 1px !important;border-left-width: 1px !important;padding-top: 10px !important;padding-right: 10px !important;padding-bottom: 10px !important;padding-left: 10px !important;background-color: #cd5b58 !important;border-left-color: #cd5b58 !important;border-left-style: solid !important;border-right-color: #cd5b58 !important;border-right-style: solid !important;border-top-color: #cd5b58 !important;border-top-style: solid !important;border-bottom-color: #cd5b58 !important;border-bottom-style: solid !important;border-radius: 3px !important;}&#8221;]<\/p>\n<h4 style=\"text-align: left;\"><span style=\"color: #ffffff;\">Insurance law<\/span><\/h4>\n<p style=\"font-size: 14px;\"><span style=\"color: #ffffff;\">This concerns all matters relating to insurance contracts, such as underwriting, contract functioning, attestations and the end of the insurance contract.<\/span><\/p>\n<p>[\/vc_column_text]<div class=\" ubtn-ctn-right \"><button type=\"button\" id=\"ubtn-6181\"  class=\"ubtn ult-adjust-bottom-margin ult-responsive ubtn-mini ubtn-no-hover-bg  none  ubtn-right   tooltip-69f4898856cc6\"  data-hover=\"\" data-border-color=\"#c43f33\" data-bg=\"\" data-hover-bg=\"\" data-border-hover=\"\" data-shadow-hover=\"\" data-shadow-click=\"none\" data-shadow=\"\" data-shd-shadow=\"\"  data-ultimate-target='#ubtn-6181'  data-responsive-json-new='{\"font-size\":\"desktop:12px;\",\"line-height\":\"\"}'  style=\"font-style:italic;font-weight:normal;border-radius:3px;border-width:1px;border-color:#c43f33;border-style:double;color: #c43f33;\"><span class=\"ubtn-hover\" style=\"background-color:\"><\/span><span class=\"ubtn-data ubtn-text \" >More \u2026<\/span><\/button><\/div>[\/vc_column_inner][vc_column_inner width=&#8221;1\/4&#8243;][vc_column_text css=&#8221;.vc_custom_1514734575650{border-top-width: 1px !important;border-right-width: 1px !important;border-bottom-width: 1px !important;border-left-width: 1px !important;padding-top: 15px !important;padding-right: 10px !important;padding-bottom: 10px !important;padding-left: 10px !important;border-left-color: #625447 !important;border-left-style: solid !important;border-right-color: #625447 !important;border-right-style: solid !important;border-top-color: #625447 !important;border-top-style: solid !important;border-bottom-color: #625447 !important;border-bottom-style: solid !important;border-radius: 3px !important;}&#8221;]<\/p>\n<h4 style=\"text-align: left;\"><span style=\"color: #5c4b3f;\">Real estate law<\/span><\/h4>\n<p style=\"font-size: 14px;\">Real estate law deals with problems relating to the life of a property, such as construction-related issues, or issues relating to rental or sale transactions.<\/p>\n<p>[\/vc_column_text]<div class=\" ubtn-ctn-right \"><button type=\"button\" id=\"ubtn-3900\"  class=\"ubtn ult-adjust-bottom-margin ult-responsive ubtn-mini ubtn-no-hover-bg  none  ubtn-right   tooltip-69f4898856d5d\"  data-hover=\"\" data-border-color=\"#c43f33\" data-bg=\"\" data-hover-bg=\"\" data-border-hover=\"\" data-shadow-hover=\"\" data-shadow-click=\"none\" data-shadow=\"\" data-shd-shadow=\"\"  data-ultimate-target='#ubtn-3900'  data-responsive-json-new='{\"font-size\":\"desktop:12px;\",\"line-height\":\"\"}'  style=\"font-style:italic;font-weight:normal;border-radius:3px;border-width:1px;border-color:#c43f33;border-style:double;color: #c43f33;\"><span class=\"ubtn-hover\" style=\"background-color:\"><\/span><span class=\"ubtn-data ubtn-text \" >More \u2026<\/span><\/button><\/div>[\/vc_column_inner][vc_column_inner width=&#8221;1\/4&#8243;][vc_column_text css=&#8221;.vc_custom_1560434905629{border-top-width: 1px !important;border-right-width: 1px !important;border-bottom-width: 1px !important;border-left-width: 1px !important;padding-top: 15px !important;padding-right: 10px !important;padding-bottom: 10px !important;padding-left: 10px !important;border-left-color: #625447 !important;border-left-style: solid !important;border-right-color: #625447 !important;border-right-style: solid !important;border-top-color: #625447 !important;border-top-style: solid !important;border-bottom-color: #625447 !important;border-bottom-style: solid !important;border-radius: 3px !important;}&#8221;]<\/p>\n<h4 style=\"text-align: left;\"><span style=\"color: #5c4b3f;\">Construction law<\/span><\/h4>\n<p style=\"font-size: 14px;\">Construction law concerns contracts and liabilities related to construction operations, where specific guarantees must be reached.<\/p>\n<p>\u00a0[\/vc_column_text]<div class=\" ubtn-ctn-right \"><button type=\"button\" id=\"ubtn-2725\"  class=\"ubtn ult-adjust-bottom-margin ult-responsive ubtn-mini ubtn-no-hover-bg  none  ubtn-right   tooltip-69f4898856da6\"  data-hover=\"\" data-border-color=\"#c43f33\" data-bg=\"\" data-hover-bg=\"\" data-border-hover=\"\" data-shadow-hover=\"\" data-shadow-click=\"none\" data-shadow=\"\" data-shd-shadow=\"\"  data-ultimate-target='#ubtn-2725'  data-responsive-json-new='{\"font-size\":\"desktop:12px;\",\"line-height\":\"\"}'  style=\"font-style:italic;font-weight:normal;border-radius:3px;border-width:1px;border-color:#c43f33;border-style:double;color: #c43f33;\"><span class=\"ubtn-hover\" style=\"background-color:\"><\/span><span class=\"ubtn-data ubtn-text \" >More \u2026<\/span><\/button><\/div>[\/vc_column_inner][vc_column_inner width=&#8221;1\/4&#8243;][vc_column_text css=&#8221;.vc_custom_1560435012386{border-top-width: 1px !important;border-right-width: 1px !important;border-bottom-width: 1px !important;border-left-width: 1px !important;padding-top: 10px !important;padding-right: 10px !important;padding-bottom: 10px !important;padding-left: 10px !important;background-color: #cd5b58 !important;border-left-color: #cd5b58 !important;border-left-style: solid !important;border-right-color: #cd5b58 !important;border-right-style: solid !important;border-top-color: #cd5b58 !important;border-top-style: solid !important;border-bottom-color: #cd5b58 !important;border-bottom-style: solid !important;border-radius: 3px !important;}&#8221;]<\/p>\n<h4><span style=\"color: #ffffff;\">Civil liability law<\/span><\/h4>\n<p style=\"font-size: 14px;\"><span style=\"color: #ffffff;\">We intervene in the field of civil liability law, which relates to issues of damage, repair and liability.<\/p>\n<p><\/span><\/p>\n<p>\u00a0[\/vc_column_text]<div class=\" ubtn-ctn-right \"><button type=\"button\" id=\"ubtn-4338\"  class=\"ubtn ult-adjust-bottom-margin ult-responsive ubtn-mini ubtn-no-hover-bg  none  ubtn-right   tooltip-69f4898856de6\"  data-hover=\"\" data-border-color=\"#c43f33\" data-bg=\"\" data-hover-bg=\"\" data-border-hover=\"\" data-shadow-hover=\"\" data-shadow-click=\"none\" data-shadow=\"\" data-shd-shadow=\"\"  data-ultimate-target='#ubtn-4338'  data-responsive-json-new='{\"font-size\":\"desktop:12px;\",\"line-height\":\"\"}'  style=\"font-style:italic;font-weight:normal;border-radius:3px;border-width:1px;border-color:#c43f33;border-style:double;color: #c43f33;\"><span class=\"ubtn-hover\" style=\"background-color:\"><\/span><span class=\"ubtn-data ubtn-text \" >More \u2026<\/span><\/button><\/div>[\/vc_column_inner][\/vc_row_inner][\/vc_column][\/vc_row]<\/p>\n","protected":false},"excerpt":{"rendered":"<p>[vc_row][vc_column][\/vc_column][\/vc_row][vc_row][vc_column][vc_row_inner][vc_column_inner width=&#8221;1\/4&#8243;][vc_column_text css=&#8221;.vc_custom_1514734406286{border-top-width: 1px !important;border-right-width: 1px !important;border-bottom-width: 1px !important;border-left-width: 1px !important;padding-top: 10px !important;padding-right: 10px !important;padding-bottom: 10px !important;padding-left: 10px !important;background-color: #cd5b58 !important;border-left-color: #cd5b58 !important;border-left-style: solid !important;border-right-color: #cd5b58 !important;border-right-style: solid !important;border-top-color: #cd5b58 !important;border-top-style: solid !important;border-bottom-color: #cd5b58 !important;border-bottom-style: solid !important;border-radius: 3px !important;}&#8221;] Insurance law This concerns all matters relating to insurance contracts, such as underwriting, contract functioning, attestations&hellip;<\/p>\n","protected":false},"author":1,"featured_media":0,"parent":0,"menu_order":0,"comment_status":"closed","ping_status":"open","template":"","meta":{"footnotes":""},"class_list":["post-7393","page","type-page","status-publish","hentry","description-off"],"yoast_head":"<!-- This site is optimized with the Yoast SEO plugin v27.1.1 - https:\/\/yoast.com\/product\/yoast-seo-wordpress\/ -->\n<title>Mir\u00e9 - Blancheti\u00e8re, lawyers- Construction, real estate and insurance<\/title>\n<meta name=\"description\" content=\"Virginie Mir\u00e9 &amp; J\u00e9r\u00f4me Blancheti\u00e8re, Paris bar lawyers, practice in construction law, real estate law, insurance law, and civil liability law.\" \/>\n<meta name=\"robots\" content=\"index, follow, max-snippet:-1, max-image-preview:large, max-video-preview:-1\" \/>\n<link rel=\"canonical\" href=\"https:\/\/www.mire-blanchetiere-avocats.fr\/en\/\" \/>\n<meta property=\"og:locale\" content=\"en_US\" \/>\n<meta property=\"og:type\" content=\"article\" \/>\n<meta property=\"og:title\" content=\"Mir\u00e9 - Blancheti\u00e8re, lawyers- Construction, real estate and insurance\" \/>\n<meta property=\"og:description\" content=\"Virginie Mir\u00e9 &amp; J\u00e9r\u00f4me Blancheti\u00e8re, Paris bar lawyers, practice in construction law, real estate law, insurance law, and civil liability law.\" \/>\n<meta property=\"og:url\" content=\"https:\/\/www.mire-blanchetiere-avocats.fr\/en\/\" \/>\n<meta property=\"og:site_name\" content=\"Mir\u00e9 - Blancheti\u00e8re - Avocats\" \/>\n<meta property=\"article:modified_time\" content=\"2019-06-13T14:49:32+00:00\" \/>\n<meta name=\"twitter:card\" content=\"summary_large_image\" \/>\n<meta name=\"twitter:site\" content=\"@blanchetiere\" \/>\n<meta name=\"twitter:label1\" content=\"Est. reading time\" \/>\n\t<meta name=\"twitter:data1\" content=\"3 minutes\" \/>\n<script type=\"application\/ld+json\" class=\"yoast-schema-graph\">{\"@context\":\"https:\/\/schema.org\",\"@graph\":[{\"@type\":\"WebPage\",\"@id\":\"https:\/\/www.mire-blanchetiere-avocats.fr\/en\/\",\"url\":\"https:\/\/www.mire-blanchetiere-avocats.fr\/en\/\",\"name\":\"Mir\u00e9 - Blancheti\u00e8re, lawyers- Construction, real estate and insurance\",\"isPartOf\":{\"@id\":\"https:\/\/www.mire-blanchetiere-avocats.fr\/#website\"},\"datePublished\":\"2017-12-29T11:27:19+00:00\",\"dateModified\":\"2019-06-13T14:49:32+00:00\",\"description\":\"Virginie Mir\u00e9 & J\u00e9r\u00f4me Blancheti\u00e8re, Paris bar lawyers, practice in construction law, real estate law, insurance law, and civil liability law.\",\"breadcrumb\":{\"@id\":\"https:\/\/www.mire-blanchetiere-avocats.fr\/en\/#breadcrumb\"},\"inLanguage\":\"en-US\",\"potentialAction\":[{\"@type\":\"ReadAction\",\"target\":[\"https:\/\/www.mire-blanchetiere-avocats.fr\/en\/\"]}]},{\"@type\":\"BreadcrumbList\",\"@id\":\"https:\/\/www.mire-blanchetiere-avocats.fr\/en\/#breadcrumb\",\"itemListElement\":[{\"@type\":\"ListItem\",\"position\":1,\"name\":\"Home\",\"item\":\"https:\/\/www.mire-blanchetiere-avocats.fr\/en\/\"},{\"@type\":\"ListItem\",\"position\":2,\"name\":\"Mir\u00e9 &#038; Blancheti\u00e8re Law firm &#8211; Home\"}]},{\"@type\":\"WebSite\",\"@id\":\"https:\/\/www.mire-blanchetiere-avocats.fr\/#website\",\"url\":\"https:\/\/www.mire-blanchetiere-avocats.fr\/\",\"name\":\"Mir\u00e9 - Blancheti\u00e8re - Avocats\",\"description\":\"Droit de la construction et droit des assurances\",\"publisher\":{\"@id\":\"https:\/\/www.mire-blanchetiere-avocats.fr\/#organization\"},\"potentialAction\":[{\"@type\":\"SearchAction\",\"target\":{\"@type\":\"EntryPoint\",\"urlTemplate\":\"https:\/\/www.mire-blanchetiere-avocats.fr\/?s={search_term_string}\"},\"query-input\":{\"@type\":\"PropertyValueSpecification\",\"valueRequired\":true,\"valueName\":\"search_term_string\"}}],\"inLanguage\":\"en-US\"},{\"@type\":\"Organization\",\"@id\":\"https:\/\/www.mire-blanchetiere-avocats.fr\/#organization\",\"name\":\"Mir\u00e9 Blancheti\u00e8re Lawyers\",\"url\":\"https:\/\/www.mire-blanchetiere-avocats.fr\/\",\"logo\":{\"@type\":\"ImageObject\",\"inLanguage\":\"en-US\",\"@id\":\"https:\/\/www.mire-blanchetiere-avocats.fr\/#\/schema\/logo\/image\/\",\"url\":\"\",\"contentUrl\":\"\",\"caption\":\"Mir\u00e9 Blancheti\u00e8re Lawyers\"},\"image\":{\"@id\":\"https:\/\/www.mire-blanchetiere-avocats.fr\/#\/schema\/logo\/image\/\"},\"sameAs\":[\"https:\/\/x.com\/blanchetiere\",\"https:\/\/www.linkedin.com\/company\/mir\u00e9-et-blancheti\u00e8re-avocats\/\"]}]}<\/script>\n<!-- \/ Yoast SEO plugin. -->","yoast_head_json":{"title":"Mir\u00e9 - Blancheti\u00e8re, lawyers- Construction, real estate and insurance","description":"Virginie Mir\u00e9 & J\u00e9r\u00f4me Blancheti\u00e8re, Paris bar lawyers, practice in construction law, real estate law, insurance law, and civil liability law.","robots":{"index":"index","follow":"follow","max-snippet":"max-snippet:-1","max-image-preview":"max-image-preview:large","max-video-preview":"max-video-preview:-1"},"canonical":"https:\/\/www.mire-blanchetiere-avocats.fr\/en\/","og_locale":"en_US","og_type":"article","og_title":"Mir\u00e9 - Blancheti\u00e8re, lawyers- Construction, real estate and insurance","og_description":"Virginie Mir\u00e9 & J\u00e9r\u00f4me Blancheti\u00e8re, Paris bar lawyers, practice in construction law, real estate law, insurance law, and civil liability law.","og_url":"https:\/\/www.mire-blanchetiere-avocats.fr\/en\/","og_site_name":"Mir\u00e9 - Blancheti\u00e8re - Avocats","article_modified_time":"2019-06-13T14:49:32+00:00","twitter_card":"summary_large_image","twitter_site":"@blanchetiere","twitter_misc":{"Est. reading time":"3 minutes"},"schema":{"@context":"https:\/\/schema.org","@graph":[{"@type":"WebPage","@id":"https:\/\/www.mire-blanchetiere-avocats.fr\/en\/","url":"https:\/\/www.mire-blanchetiere-avocats.fr\/en\/","name":"Mir\u00e9 - Blancheti\u00e8re, lawyers- Construction, real estate and insurance","isPartOf":{"@id":"https:\/\/www.mire-blanchetiere-avocats.fr\/#website"},"datePublished":"2017-12-29T11:27:19+00:00","dateModified":"2019-06-13T14:49:32+00:00","description":"Virginie Mir\u00e9 & J\u00e9r\u00f4me Blancheti\u00e8re, Paris bar lawyers, practice in construction law, real estate law, insurance law, and civil liability law.","breadcrumb":{"@id":"https:\/\/www.mire-blanchetiere-avocats.fr\/en\/#breadcrumb"},"inLanguage":"en-US","potentialAction":[{"@type":"ReadAction","target":["https:\/\/www.mire-blanchetiere-avocats.fr\/en\/"]}]},{"@type":"BreadcrumbList","@id":"https:\/\/www.mire-blanchetiere-avocats.fr\/en\/#breadcrumb","itemListElement":[{"@type":"ListItem","position":1,"name":"Home","item":"https:\/\/www.mire-blanchetiere-avocats.fr\/en\/"},{"@type":"ListItem","position":2,"name":"Mir\u00e9 &#038; Blancheti\u00e8re Law firm &#8211; Home"}]},{"@type":"WebSite","@id":"https:\/\/www.mire-blanchetiere-avocats.fr\/#website","url":"https:\/\/www.mire-blanchetiere-avocats.fr\/","name":"Mir\u00e9 - Blancheti\u00e8re - Avocats","description":"Droit de la construction et droit des assurances","publisher":{"@id":"https:\/\/www.mire-blanchetiere-avocats.fr\/#organization"},"potentialAction":[{"@type":"SearchAction","target":{"@type":"EntryPoint","urlTemplate":"https:\/\/www.mire-blanchetiere-avocats.fr\/?s={search_term_string}"},"query-input":{"@type":"PropertyValueSpecification","valueRequired":true,"valueName":"search_term_string"}}],"inLanguage":"en-US"},{"@type":"Organization","@id":"https:\/\/www.mire-blanchetiere-avocats.fr\/#organization","name":"Mir\u00e9 Blancheti\u00e8re Lawyers","url":"https:\/\/www.mire-blanchetiere-avocats.fr\/","logo":{"@type":"ImageObject","inLanguage":"en-US","@id":"https:\/\/www.mire-blanchetiere-avocats.fr\/#\/schema\/logo\/image\/","url":"","contentUrl":"","caption":"Mir\u00e9 Blancheti\u00e8re Lawyers"},"image":{"@id":"https:\/\/www.mire-blanchetiere-avocats.fr\/#\/schema\/logo\/image\/"},"sameAs":["https:\/\/x.com\/blanchetiere","https:\/\/www.linkedin.com\/company\/mir\u00e9-et-blancheti\u00e8re-avocats\/"]}]}},"_links":{"self":[{"href":"https:\/\/www.mire-blanchetiere-avocats.fr\/en\/wp-json\/wp\/v2\/pages\/7393","targetHints":{"allow":["GET"]}}],"collection":[{"href":"https:\/\/www.mire-blanchetiere-avocats.fr\/en\/wp-json\/wp\/v2\/pages"}],"about":[{"href":"https:\/\/www.mire-blanchetiere-avocats.fr\/en\/wp-json\/wp\/v2\/types\/page"}],"author":[{"embeddable":true,"href":"https:\/\/www.mire-blanchetiere-avocats.fr\/en\/wp-json\/wp\/v2\/users\/1"}],"replies":[{"embeddable":true,"href":"https:\/\/www.mire-blanchetiere-avocats.fr\/en\/wp-json\/wp\/v2\/comments?post=7393"}],"version-history":[{"count":16,"href":"https:\/\/www.mire-blanchetiere-avocats.fr\/en\/wp-json\/wp\/v2\/pages\/7393\/revisions"}],"predecessor-version":[{"id":8667,"href":"https:\/\/www.mire-blanchetiere-avocats.fr\/en\/wp-json\/wp\/v2\/pages\/7393\/revisions\/8667"}],"wp:attachment":[{"href":"https:\/\/www.mire-blanchetiere-avocats.fr\/en\/wp-json\/wp\/v2\/media?parent=7393"}],"curies":[{"name":"wp","href":"https:\/\/api.w.org\/{rel}","templated":true}]}}